{"id":1391,"date":"2021-05-18T17:49:43","date_gmt":"2021-05-18T17:49:43","guid":{"rendered":"https:\/\/ddchirurgiedelamain.ca\/notre-clinique\/"},"modified":"2021-05-18T17:49:45","modified_gmt":"2021-05-18T17:49:45","slug":"notre-clinique","status":"publish","type":"page","link":"https:\/\/www.ddchirurgiedelamain.ca\/fr\/notre-clinique\/","title":{"rendered":"Notre Clinique"},"content":{"rendered":"<p>[vc_row css_animation=\u00a0\u00bb\u00a0\u00bb row_type=\u00a0\u00bbrow\u00a0\u00bb use_row_as_full_screen_section=\u00a0\u00bbno\u00a0\u00bb type=\u00a0\u00bbfull_width\u00a0\u00bb angled_section=\u00a0\u00bbno\u00a0\u00bb text_align=\u00a0\u00bbleft\u00a0\u00bb background_image_as_pattern=\u00a0\u00bbwithout_pattern\u00a0\u00bb z_index=\u00a0\u00bb\u00a0\u00bb el_id=\u00a0\u00bbproc-hero\u00a0\u00bb el_class=\u00a0\u00bbfaq\u00a0\u00bb][vc_column width=\u00a0\u00bb1\/2&Prime;][vc_single_image image=\u00a0\u00bb1270&Prime; qode_css_animation=\u00a0\u00bb\u00a0\u00bb][\/vc_column][vc_column width=\u00a0\u00bb1\/2&Prime;][vc_column_text]<\/p>\n<h1>Cabinet priv\u00e9 du Dr Durand <em>CLINIQUE DE CHIRURGIE DES MAINS AVANC\u00c9E<\/em><\/h1>\n<p>N&rsquo;attendez plus, soyez ma\u00eetre de votre sant\u00e9!<\/p>\n<p>Consultez le Dr Durand sans r\u00e9f\u00e9rence d\u2019un m\u00e9decin.[\/vc_column_text][\/vc_column][\/vc_row][vc_row css_animation=\u00a0\u00bb\u00a0\u00bb row_type=\u00a0\u00bbrow\u00a0\u00bb use_row_as_full_screen_section=\u00a0\u00bbno\u00a0\u00bb type=\u00a0\u00bbgrid\u00a0\u00bb angled_section=\u00a0\u00bbno\u00a0\u00bb text_align=\u00a0\u00bbleft\u00a0\u00bb background_image_as_pattern=\u00a0\u00bbwithout_pattern\u00a0\u00bb z_index=\u00a0\u00bb\u00a0\u00bb el_class=\u00a0\u00bbpad80 flex-center reverse-sm reverse-md md-row\u00a0\u00bb][vc_column width=\u00a0\u00bb1\/2&Prime;][vc_column_text]<\/p>\n<h2>CHIRURGIE PRIV\u00c9E<\/h2>\n<h3 class=\"thin\">DANS LES PLUS BREFS D\u00c9LAIS ET DANS LES MEILLEURES CONDITIONS<\/h3>\n<p>Dans notre clinique, nous comprenons que votre qualit\u00e9 de vie peut \u00eatre affect\u00e9e par vos probl\u00e8mes de sant\u00e9: se sentir bien dans sa peau et vivre sainement est la cl\u00e9 de votre bonheur personnel. Le Dr Durand peut vous aider.<\/p>\n<p>La clinique est \u00e9quip\u00e9e d&rsquo;un \u00e9quipement technologique de pointe et notre personnel est form\u00e9 aux derni\u00e8res techniques chirurgicales. Dans un environnement r\u00e9confortant et nourrissant, vous serez entour\u00e9 de professionnels chevronn\u00e9s soucieux de fournir des soins de qualit\u00e9 et un accompagnement psychologique adapt\u00e9.<\/p>\n<p>En plus d&rsquo;avoir une ambiance agr\u00e9able et harmonieuse, vous obtiendrez un rendez-vous dans les plus brefs d\u00e9lais en fonction de votre agenda. Dans le syst\u00e8me public, vous trouverez souvent une p\u00e9riode d&rsquo;attente de deux ans. Cela peut parfois entra\u00eener des situations irr\u00e9versibles. Nous collaborons avec plus de 80 m\u00e9decins et pharmaciens sp\u00e9cialis\u00e9s, ce qui fait de l&rsquo;Institut de chirurgie sp\u00e9ciale de Montr\u00e9al un lieu de choix.[\/vc_column_text][\/vc_column][vc_column width=\u00a0\u00bb1\/2&Prime;][vc_single_image image=\u00a0\u00bb864&Prime; qode_css_animation=\u00a0\u00bb\u00a0\u00bb][\/vc_column][\/vc_row][vc_row css_animation=\u00a0\u00bb\u00a0\u00bb row_type=\u00a0\u00bbrow\u00a0\u00bb use_row_as_full_screen_section=\u00a0\u00bbno\u00a0\u00bb type=\u00a0\u00bbgrid\u00a0\u00bb angled_section=\u00a0\u00bbno\u00a0\u00bb text_align=\u00a0\u00bbleft\u00a0\u00bb background_image_as_pattern=\u00a0\u00bbwithout_pattern\u00a0\u00bb z_index=\u00a0\u00bb\u00a0\u00bb el_class=\u00a0\u00bbpad80 flex-center md-row\u00a0\u00bb][vc_column width=\u00a0\u00bb1\/2&Prime;][vc_single_image image=\u00a0\u00bb519&Prime; qode_css_animation=\u00a0\u00bb\u00a0\u00bb][\/vc_column][vc_column width=\u00a0\u00bb1\/2&Prime;][vc_column_text]<\/p>\n<h2>NOTRE PHILOSOPHIE<\/h2>\n<h3 class=\"thin\">TOUT EN RECEVANT DES SOINS AVEC NOUS, NOTRE PRINCIPALE PR\u00c9OCCUPATION EST VOTRE CONFORT, VOTRE S\u00c9CURIT\u00c9 ET VOTRE SANT\u00c9.<\/h3>\n<p>Nos proc\u00e9dures sont con\u00e7ues pour prot\u00e9ger votre bien-\u00eatre, pour vous garantir le meilleur r\u00e9sultat m\u00e9dical possible et pour assurer un retour rapide \u00e0 la pleine fonctionnalit\u00e9. En travaillant avec notre \u00e9quipe de soins de sant\u00e9, vous pouvez nous aider \u00e0 assurer une exp\u00e9rience de soins de sant\u00e9 des plus s\u00e9curitaires. Nous accueillons vos pr\u00e9occupations et questions et vous encourageons \u00e0 les exprimer \u00e0 nos m\u00e9decins car ils sauront comment corriger la situation.<\/p>\n<p>Nous comprenons l&rsquo;importance d&rsquo;avoir acc\u00e8s \u00e0 des soins imm\u00e9diats, efficaces et abordables pour votre probl\u00e8me sp\u00e9cifique. Puisque nous sommes dot\u00e9s d&rsquo;un personnel m\u00e9dical accr\u00e9dit\u00e9 et certifi\u00e9 disponible pour vous aider, nous sommes la meilleure alternative aux salles d&rsquo;urgence surpeupl\u00e9es et au syst\u00e8me m\u00e9dical public au rythme lent. Lorsque vous avez besoin d&rsquo;un traitement pour votre maladie, appelez rapidement et de mani\u00e8re fiable les experts de notre clinique.[\/vc_column_text][\/vc_column][\/vc_row][vc_row css_animation=\u00a0\u00bb\u00a0\u00bb row_type=\u00a0\u00bbrow\u00a0\u00bb use_row_as_full_screen_section=\u00a0\u00bbno\u00a0\u00bb type=\u00a0\u00bbgrid\u00a0\u00bb angled_section=\u00a0\u00bbno\u00a0\u00bb text_align=\u00a0\u00bbleft\u00a0\u00bb background_image_as_pattern=\u00a0\u00bbwithout_pattern\u00a0\u00bb z_index=\u00a0\u00bb\u00a0\u00bb el_class=\u00a0\u00bbpad80 flex-center reverse-sm\u00a0\u00bb][vc_column width=\u00a0\u00bb1\/2&Prime;][vc_column_text]<\/p>\n<h2>VOTRE RENDEZ-VOUS<\/h2>\n<p>Notre clinique vous accueillera chaleureusement. Chaque dossier est trait\u00e9 en priorit\u00e9, et vous aurez un rendez-vous dans les plus brefs d\u00e9lais. D\u00e8s votre appel, nous vous recevrons sans r\u00e9f\u00e9rence d&rsquo;un m\u00e9decin et notre personnel vous assistera et vous r\u00e9f\u00e9rera vers l&rsquo;un de nos sp\u00e9cialistes. Nos m\u00e9decins vous proposeront les meilleurs traitements que vous soyez un sportif, un travailleur, un retrait\u00e9 ou un athl\u00e8te professionnel.[\/vc_column_text]<a  itemprop=\"url\" href=\"\/fr\/consultation\/\" target=\"_self\"  class=\"qbutton  default\" style=\"\">PLANIFIER UN RENDEZ-VOUS<\/a>[\/vc_column][vc_column width=\u00a0\u00bb1\/2&Prime;][vc_single_image image=\u00a0\u00bb520&Prime; qode_css_animation=\u00a0\u00bb\u00a0\u00bb][\/vc_column][\/vc_row][vc_row css_animation=\u00a0\u00bb\u00a0\u00bb row_type=\u00a0\u00bbrow\u00a0\u00bb use_row_as_full_screen_section=\u00a0\u00bbno\u00a0\u00bb type=\u00a0\u00bbgrid\u00a0\u00bb angled_section=\u00a0\u00bbno\u00a0\u00bb text_align=\u00a0\u00bbleft\u00a0\u00bb background_image_as_pattern=\u00a0\u00bbwithout_pattern\u00a0\u00bb z_index=\u00a0\u00bb\u00a0\u00bb el_class=\u00a0\u00bbpad80 flex-center md-row\u00a0\u00bb][vc_column width=\u00a0\u00bb1\/2&Prime;][vc_single_image image=\u00a0\u00bb521&Prime; qode_css_animation=\u00a0\u00bb\u00a0\u00bb][\/vc_column][vc_column width=\u00a0\u00bb1\/2&Prime;][vc_column_text]<\/p>\n<h2>AVANTAGES D&rsquo;UNE CHIRURGIE \u00c0 LA PRATIQUE PRIV\u00c9E DE DR DURAND<\/h2>\n<ol class=\"numbers\">\n<li>Rendez-vous faciles et rapides pour l&rsquo;\u00e9valuation et le diagnostic.<\/li>\n<li>Traitements souvent disponibles le jour m\u00eame ou dans la semaine.<\/li>\n<li>\u00c9quipement m\u00e9dical s\u00e9curitaire \u00e0 la pointe de la technologie<\/li>\n<li>Salle d&rsquo;op\u00e9ration sophistiqu\u00e9e<\/li>\n<li>Service de laboratoire pr\u00e9op\u00e9ratoire si n\u00e9cessaire<\/li>\n<li>Pharmaciens accessibles dans le m\u00eame b\u00e2timent<\/li>\n<\/ol>\n<p>[\/vc_column_text][\/vc_column][\/vc_row][vc_row css_animation=\u00a0\u00bb\u00a0\u00bb row_type=\u00a0\u00bbrow\u00a0\u00bb use_row_as_full_screen_section=\u00a0\u00bbno\u00a0\u00bb type=\u00a0\u00bbfull_width\u00a0\u00bb angled_section=\u00a0\u00bbno\u00a0\u00bb text_align=\u00a0\u00bbleft\u00a0\u00bb background_image_as_pattern=\u00a0\u00bbwithout_pattern\u00a0\u00bb z_index=\u00a0\u00bb\u00a0\u00bb el_class=\u00a0\u00bbnopaddings\u00a0\u00bb el_id=\u00a0\u00bbbeforecall\u00a0\u00bb][vc_column width=\u00a0\u00bb1\/3&Prime;][vc_column_text]<a href=\"\/virtual-consultation\/\" class=\"tilter tilter--1\"  id=\"img-786\" >\n    <figure class=\"tilter__figure\">\n        <img class=\"tilter__image\" src=\"https:\/\/www.ddchirurgiedelamain.ca\/wp-content\/uploads\/2021\/03\/ramka01.jpg\" \/>\n        <div class=\"tilter__deco tilter__deco--shine\"><div><\/div><\/div>\n        <figcaption class=\"tilter__caption\">\n            <h3 class=\"tilter__title\">VIRTUAL CONSULTATION<\/h3>\n            <p class=\"tilter__description\">Online consultation from the comfort of your home<\/p>\n        <\/figcaption>\n        <svg class=\"tilter__deco tilter__deco--lines\" viewBox=\"0 0 600 400\">\n            <path d=\"m20.5, 20.5h560v360h-560v-360z\" \/>\n        <\/svg>\n    <\/figure>\n<\/a>[\/vc_column_text][\/vc_column][vc_column width=\u00a0\u00bb1\/3&Prime;][vc_column_text]<a href=\"https:\/\/ddchirurgiedelamain.ca\/fr\/consultation\/\" class=\"tilter tilter--1\"  id=\"img-785\" >\n    <figure class=\"tilter__figure\">\n        <img class=\"tilter__image\" src=\"https:\/\/www.ddchirurgiedelamain.ca\/wp-content\/uploads\/2021\/03\/ramka02.jpg\" \/>\n        <div class=\"tilter__deco tilter__deco--shine\"><div><\/div><\/div>\n        <figcaption class=\"tilter__caption\">\n            <h3 class=\"tilter__title\">PLANIFIER UNE CONSULTATION<\/h3>\n            <p class=\"tilter__description\">R\u00e9servez une consultation pour discuter de vos probl\u00e8mes de la main<\/p>\n        <\/figcaption>\n        <svg class=\"tilter__deco tilter__deco--lines\" viewBox=\"0 0 600 400\">\n            <path d=\"m20.5, 20.5h560v360h-560v-360z\" \/>\n        <\/svg>\n    <\/figure>\n<\/a>[\/vc_column_text][\/vc_column][vc_column width=\u00a0\u00bb1\/3&Prime;][vc_column_text]<a href=\"https:\/\/ddchirurgiedelamain.ca\/fr\/auto-diagnostic\/\" class=\"tilter tilter--1\"  id=\"img-787\" >\n    <figure class=\"tilter__figure\">\n        <img class=\"tilter__image\" src=\"https:\/\/www.ddchirurgiedelamain.ca\/wp-content\/uploads\/2021\/03\/ramka03.jpg\" \/>\n        <div class=\"tilter__deco tilter__deco--shine\"><div><\/div><\/div>\n        <figcaption class=\"tilter__caption\">\n            <h3 class=\"tilter__title\">AUTO-DIAGNOSTIC<\/h3>\n            <p class=\"tilter__description\">Utilisez notre outil en ligne pour \u00e9valuer votre douleur<\/p>\n        <\/figcaption>\n        <svg class=\"tilter__deco tilter__deco--lines\" viewBox=\"0 0 600 400\">\n            <path d=\"m20.5, 20.5h560v360h-560v-360z\" \/>\n        <\/svg>\n    <\/figure>\n<\/a>[\/vc_column_text][\/vc_column][\/vc_row]<\/p>\n","protected":false},"excerpt":{"rendered":"<p>[vc_row css_animation=\u00a0\u00bb\u00a0\u00bb row_type=\u00a0\u00bbrow\u00a0\u00bb use_row_as_full_screen_section=\u00a0\u00bbno\u00a0\u00bb type=\u00a0\u00bbfull_width\u00a0\u00bb angled_section=\u00a0\u00bbno\u00a0\u00bb text_align=\u00a0\u00bbleft\u00a0\u00bb background_image_as_pattern=\u00a0\u00bbwithout_pattern\u00a0\u00bb z_index=\u00a0\u00bb\u00a0\u00bb el_id=\u00a0\u00bbproc-hero\u00a0\u00bb el_class=\u00a0\u00bbfaq\u00a0\u00bb][vc_column width=\u00a0\u00bb1\/2&Prime;][vc_single_image image=\u00a0\u00bb1270&Prime; qode_css_animation=\u00a0\u00bb\u00a0\u00bb][\/vc_column][vc_column width=\u00a0\u00bb1\/2&Prime;][vc_column_text] Cabinet priv\u00e9 du Dr Durand CLINIQUE DE CHIRURGIE DES MAINS AVANC\u00c9E N&rsquo;attendez plus, soyez ma\u00eetre de votre sant\u00e9! Consultez le Dr Durand sans r\u00e9f\u00e9rence d\u2019un m\u00e9decin.[\/vc_column_text][\/vc_column][\/vc_row][vc_row css_animation=\u00a0\u00bb\u00a0\u00bb row_type=\u00a0\u00bbrow\u00a0\u00bb use_row_as_full_screen_section=\u00a0\u00bbno\u00a0\u00bb type=\u00a0\u00bbgrid\u00a0\u00bb&#8230;<\/p>\n","protected":false},"author":1,"featured_media":0,"parent":0,"menu_order":0,"comment_status":"closed","ping_status":"closed","template":"full_width.php","meta":[],"yoast_head":"<!-- This site is optimized with the Yoast SEO plugin v16.2 - https:\/\/yoast.com\/wordpress\/plugins\/seo\/ -->\n<title>Notre Clinique | Hand Surgeon Montreal<\/title>\n<meta name=\"description\" content=\"Notre Clinique | Montreal Carpal Tunnel, Trigger Finger, Wrist &amp; Cysts, Thumb Arthritis, Nerve decompression, Injury, Repair of bone fractures, ligaments, tendons\" \/>\n<meta name=\"robots\" content=\"index, follow, max-snippet:-1, max-image-preview:large, max-video-preview:-1\" \/>\n<link rel=\"canonical\" href=\"https:\/\/www.ddchirurgiedelamain.ca\/fr\/notre-clinique\/\" \/>\n<meta property=\"og:locale\" content=\"fr_FR\" \/>\n<meta property=\"og:type\" content=\"article\" \/>\n<meta property=\"og:title\" content=\"Notre Clinique | Hand Surgeon Montreal\" \/>\n<meta property=\"og:description\" content=\"Notre Clinique | Montreal Carpal Tunnel, Trigger Finger, Wrist &amp; Cysts, Thumb Arthritis, Nerve decompression, Injury, Repair of bone fractures, ligaments, tendons\" \/>\n<meta property=\"og:url\" content=\"https:\/\/www.ddchirurgiedelamain.ca\/fr\/notre-clinique\/\" \/>\n<meta property=\"og:site_name\" content=\"Dr Daniel Durand\" \/>\n<meta property=\"article:publisher\" content=\"https:\/\/www.facebook.com\/montrealhandsurgery\" \/>\n<meta property=\"article:modified_time\" content=\"2021-05-18T17:49:45+00:00\" \/>\n<meta property=\"og:image\" content=\"https:\/\/www.ddchirurgiedelamain.ca\/wp-content\/uploads\/2021\/06\/facebook.jpg\" \/>\n\t<meta property=\"og:image:width\" content=\"1200\" \/>\n\t<meta property=\"og:image:height\" content=\"628\" \/>\n<meta name=\"twitter:card\" content=\"summary_large_image\" \/>\n<meta name=\"twitter:label1\" content=\"Dur\u00e9e de lecture est.\">\n\t<meta name=\"twitter:data1\" content=\"5 minutes\">\n<script type=\"application\/ld+json\" class=\"yoast-schema-graph\">{\"@context\":\"https:\/\/schema.org\",\"@graph\":[{\"@type\":\"Organization\",\"@id\":\"https:\/\/www.ddchirurgiedelamain.ca\/#organization\",\"name\":\"Dr Daniel Durand\",\"url\":\"https:\/\/www.ddchirurgiedelamain.ca\/\",\"sameAs\":[\"https:\/\/www.facebook.com\/montrealhandsurgery\",\"https:\/\/www.instagram.com\/montrealhandsurgery\/\",\"https:\/\/www.linkedin.com\/in\/daniel-durand-79a63b28\/?originalSubdomain=ca\",\"https:\/\/www.youtube.com\/channel\/UC372rc1IV633AUHj8cSx-7Q\"],\"logo\":{\"@type\":\"ImageObject\",\"@id\":\"https:\/\/www.ddchirurgiedelamain.ca\/#logo\",\"inLanguage\":\"fr-FR\",\"url\":\"https:\/\/www.ddchirurgiedelamain.ca\/wp-content\/uploads\/2020\/12\/durand@4x.png\",\"contentUrl\":\"https:\/\/www.ddchirurgiedelamain.ca\/wp-content\/uploads\/2020\/12\/durand@4x.png\",\"width\":655,\"height\":167,\"caption\":\"Dr Daniel Durand\"},\"image\":{\"@id\":\"https:\/\/www.ddchirurgiedelamain.ca\/#logo\"}},{\"@type\":\"WebSite\",\"@id\":\"https:\/\/www.ddchirurgiedelamain.ca\/#website\",\"url\":\"https:\/\/www.ddchirurgiedelamain.ca\/\",\"name\":\"Dr Daniel Durand\",\"description\":\"Just another WordPress site\",\"publisher\":{\"@id\":\"https:\/\/www.ddchirurgiedelamain.ca\/#organization\"},\"potentialAction\":[{\"@type\":\"SearchAction\",\"target\":\"https:\/\/www.ddchirurgiedelamain.ca\/?s={search_term_string}\",\"query-input\":\"required name=search_term_string\"}],\"inLanguage\":\"fr-FR\"},{\"@type\":\"WebPage\",\"@id\":\"https:\/\/www.ddchirurgiedelamain.ca\/fr\/notre-clinique\/#webpage\",\"url\":\"https:\/\/www.ddchirurgiedelamain.ca\/fr\/notre-clinique\/\",\"name\":\"Notre Clinique | Hand Surgeon Montreal\",\"isPartOf\":{\"@id\":\"https:\/\/www.ddchirurgiedelamain.ca\/#website\"},\"datePublished\":\"2021-05-18T17:49:43+00:00\",\"dateModified\":\"2021-05-18T17:49:45+00:00\",\"description\":\"Notre Clinique | Montreal Carpal Tunnel, Trigger Finger, Wrist & Cysts, Thumb Arthritis, Nerve decompression, Injury, Repair of bone fractures, ligaments, tendons\",\"breadcrumb\":{\"@id\":\"https:\/\/www.ddchirurgiedelamain.ca\/fr\/notre-clinique\/#breadcrumb\"},\"inLanguage\":\"fr-FR\",\"potentialAction\":[{\"@type\":\"ReadAction\",\"target\":[\"https:\/\/www.ddchirurgiedelamain.ca\/fr\/notre-clinique\/\"]}]},{\"@type\":\"BreadcrumbList\",\"@id\":\"https:\/\/www.ddchirurgiedelamain.ca\/fr\/notre-clinique\/#breadcrumb\",\"itemListElement\":[{\"@type\":\"ListItem\",\"position\":1,\"item\":{\"@type\":\"WebPage\",\"@id\":\"https:\/\/www.ddchirurgiedelamain.ca\/fr\/\",\"url\":\"https:\/\/www.ddchirurgiedelamain.ca\/fr\/\",\"name\":\"Home\"}},{\"@type\":\"ListItem\",\"position\":2,\"item\":{\"@id\":\"https:\/\/www.ddchirurgiedelamain.ca\/fr\/notre-clinique\/#webpage\"}}]}]}<\/script>\n<!-- \/ Yoast SEO plugin. -->","_links":{"self":[{"href":"https:\/\/www.ddchirurgiedelamain.ca\/fr\/wp-json\/wp\/v2\/pages\/1391"}],"collection":[{"href":"https:\/\/www.ddchirurgiedelamain.ca\/fr\/wp-json\/wp\/v2\/pages"}],"about":[{"href":"https:\/\/www.ddchirurgiedelamain.ca\/fr\/wp-json\/wp\/v2\/types\/page"}],"author":[{"embeddable":true,"href":"https:\/\/www.ddchirurgiedelamain.ca\/fr\/wp-json\/wp\/v2\/users\/1"}],"replies":[{"embeddable":true,"href":"https:\/\/www.ddchirurgiedelamain.ca\/fr\/wp-json\/wp\/v2\/comments?post=1391"}],"version-history":[{"count":2,"href":"https:\/\/www.ddchirurgiedelamain.ca\/fr\/wp-json\/wp\/v2\/pages\/1391\/revisions"}],"predecessor-version":[{"id":1393,"href":"https:\/\/www.ddchirurgiedelamain.ca\/fr\/wp-json\/wp\/v2\/pages\/1391\/revisions\/1393"}],"wp:attachment":[{"href":"https:\/\/www.ddchirurgiedelamain.ca\/fr\/wp-json\/wp\/v2\/media?parent=1391"}],"curies":[{"name":"wp","href":"https:\/\/api.w.org\/{rel}","templated":true}]}}