{"id":1426,"date":"2021-05-18T18:57:47","date_gmt":"2021-05-18T18:57:47","guid":{"rendered":"https:\/\/ddchirurgiedelamain.ca\/ce-que-disent-nos-patients\/"},"modified":"2021-05-18T18:57:48","modified_gmt":"2021-05-18T18:57:48","slug":"ce-que-disent-nos-patients","status":"publish","type":"page","link":"https:\/\/www.ddchirurgiedelamain.ca\/fr\/ce-que-disent-nos-patients\/","title":{"rendered":"Ce que disent nos patients"},"content":{"rendered":"<p>[vc_row css_animation=\u00a0\u00bb\u00a0\u00bb row_type=\u00a0\u00bbrow\u00a0\u00bb use_row_as_full_screen_section=\u00a0\u00bbno\u00a0\u00bb type=\u00a0\u00bbfull_width\u00a0\u00bb angled_section=\u00a0\u00bbno\u00a0\u00bb text_align=\u00a0\u00bbleft\u00a0\u00bb background_image_as_pattern=\u00a0\u00bbwithout_pattern\u00a0\u00bb z_index=\u00a0\u00bb\u00a0\u00bb el_id=\u00a0\u00bbproc-hero\u00a0\u00bb el_class=\u00a0\u00bbfaq\u00a0\u00bb][vc_column width=\u00a0\u00bb1\/2&Prime;][vc_single_image image=\u00a0\u00bb508&Prime; qode_css_animation=\u00a0\u00bb\u00a0\u00bb][\/vc_column][vc_column width=\u00a0\u00bb1\/2&Prime;][vc_column_text]<\/p>\n<h1>Ce que disent nos patients<\/h1>\n<p>Il n&rsquo;y a rien que nous aimons mieux que de recevoir des compliments et des paroles aimables de patients heureux au sujet de nos traitements des mains r\u00e9ussis, de notre cabinet de chirurgie de la main confortable et de nos soins compatissants. Nous sommes s\u00fbrs qu&rsquo;apr\u00e8s votre visite, vous conviendrez que nous sommes exceptionnels dans ce que nous faisons![\/vc_column_text][\/vc_column][\/vc_row][vc_row css_animation=\u00a0\u00bb\u00a0\u00bb row_type=\u00a0\u00bbrow\u00a0\u00bb use_row_as_full_screen_section=\u00a0\u00bbno\u00a0\u00bb type=\u00a0\u00bbgrid\u00a0\u00bb angled_section=\u00a0\u00bbno\u00a0\u00bb text_align=\u00a0\u00bbleft\u00a0\u00bb background_image_as_pattern=\u00a0\u00bbwithout_pattern\u00a0\u00bb z_index=\u00a0\u00bb\u00a0\u00bb el_class=\u00a0\u00bbpt-100&Prime;][vc_column][vc_column_text]<\/p>\n<h3 class=\"thin\" style=\"text-align: center;\">VOICI QUELQUES MOTS DE NOS PATIENTS:<\/h3>\n<p>[\/vc_column_text][\/vc_column][\/vc_row][vc_row css_animation=\u00a0\u00bb\u00a0\u00bb row_type=\u00a0\u00bbrow\u00a0\u00bb use_row_as_full_screen_section=\u00a0\u00bbno\u00a0\u00bb type=\u00a0\u00bbgrid\u00a0\u00bb angled_section=\u00a0\u00bbno\u00a0\u00bb text_align=\u00a0\u00bbleft\u00a0\u00bb background_image_as_pattern=\u00a0\u00bbwithout_pattern\u00a0\u00bb z_index=\u00a0\u00bb\u00a0\u00bb][vc_column el_class=\u00a0\u00bbtestis\u00a0\u00bb][vc_column_text]J&rsquo;ai r\u00e9cemment \u00e9t\u00e9 soign\u00e9 pour une blessure au bras et une blessure grave au poignet par le Dr Durand et son \u00e9quipe.<\/p>\n<p>Le Dr Durand est tr\u00e8s attentif et a pris soin d&rsquo;\u00e9valuer mes blessures et a essay\u00e9 plusieurs traitements avant de finalement recommander une intervention chirurgicale pour l&rsquo;une des blessures. Les indications du Dr Durand ont \u00e9t\u00e9 tr\u00e8s simples par rapport aux attentes post-op\u00e9ratoires, et il a suivi de mani\u00e8re approfondie mon r\u00e9tablissement (maintenant pr\u00e8s de 6 mois apr\u00e8s la chirurgie).<\/p>\n<p>Son personnel de r\u00e9ception et de facturation est sympathique et a fourni un service et une aide exemplaires! La prise de rendez-vous \u00e9tait tr\u00e8s flexible et les rendez-vous commen\u00e7aient \u00e0 l&rsquo;heure comme pr\u00e9vu.<\/p>\n<p>Je recommande vivement le Dr Durand \u00e0 tous ceux qui recherchent un avis m\u00e9dical \/ un traitement pour des blessures \u00e0 la main \/ au poignet \/ au bras.[\/vc_column_text][vc_column_text]Quand j&rsquo;ai rencontr\u00e9 le Dr Durand alors que ma main et mon bras droits souffraient constamment et avaient peu de mobilit\u00e9. Apr\u00e8s un an de visite chez d&rsquo;autres m\u00e9decins, j\u2019ai commenc\u00e9 \u00e0 perdre espoir. Apr\u00e8s le traitement du Dr Durand, je n&rsquo;ai pas seulement obtenu une mobilit\u00e9 totale, je suis sans douleur. Chaque jour, \u00e7a va de mieux en mieux. Je dois tout \u00e0 la main s\u00fbre et \u00e0 la brillance chirurgicale du Dr Durand. Je le recommande de tout c\u0153ur et sans r\u00e9serve.[\/vc_column_text][vc_column_text]Je souffre du syndrome du canal carpien depuis plus de deux ans, et cela a m\u00eame affect\u00e9 ma capacit\u00e9 \u00e0 dormir la nuit. Mon rendez-vous avec le Dr Durand a \u00e9t\u00e9 incroyable, il m&rsquo;a \u00e9cout\u00e9 et a effectu\u00e9 une d\u00e9compression endoscopique du canal carpien en une semaine, et je suis maintenant indolore! Quelle sensation incroyable; une \u00e9quipe et un m\u00e9decin tout \u00e0 fait incroyables. Si vous avez un syndrome du canal carpien n&rsquo;h\u00e9sitez pas \u00e0 vous faire soigner, c&rsquo;est tout simplement le meilleur, point \u00e0 la ligne.[\/vc_column_text][vc_column_text]Eh bien\u2026 j&rsquo;ai subi une op\u00e9ration de d\u00e9compression du canal carpien pour ma main droite il y a 4 heures. Laissez-moi vous dire, C&rsquo;EST SI FACILE si vous avez fait la proc\u00e9dure ENDOSCOPIQUE plut\u00f4t que la proc\u00e9dure ouverte. Apr\u00e8s seulement quelques heures, j\u2019\u00e9tais pratiquement fonctionnelle. Je tape de fa\u00e7on habituelle, avec les deux mains et tous les doigts. Si vous avez retard\u00e9 cette proc\u00e9dure n\u00e9cessaire par peur de la longue convalescence, il n&rsquo;est pas n\u00e9cessaire de le faire. Je ne pourrais pas \u00eatre plus heureux, et je recommande vivement le Dr Durand \u00e0 tous ceux qui en ont besoin.[\/vc_column_text][vc_column_text]Le Dr Durand et son \u00e9quipe \u00e9taient absolument incroyables! Ils ont vraiment pris le temps de me renseigner sur toutes mes options avant ma proc\u00e9dure. Toute son \u00e9quipe \u00e9tait tr\u00e8s professionnelle et compr\u00e9hensive envers mes besoins, et tous ont \u00e9t\u00e9 tr\u00e8s utiles et \u00e9ducatifs. Je recommanderais vivement le Dr Durand et son \u00e9quipe \u00e0 quiconque.[\/vc_column_text][vc_column_text]J&rsquo;ai r\u00e9cemment \u00e9t\u00e9 soign\u00e9 pour une blessure au bras et une blessure grave au poignet par le Dr Durand et son \u00e9quipe.<\/p>\n<p>Le Dr Durand est tr\u00e8s attentif et a pris soin d&rsquo;\u00e9valuer mes blessures et a essay\u00e9 plusieurs traitements avant de finalement recommander une intervention chirurgicale pour l&rsquo;une des blessures. Les indications du Dr Durand ont \u00e9t\u00e9 tr\u00e8s simples par rapport aux attentes post-op\u00e9ratoires, et il a suivi de mani\u00e8re approfondie mon r\u00e9tablissement (maintenant pr\u00e8s de 6 mois apr\u00e8s la chirurgie).<\/p>\n<p>Son personnel de r\u00e9ception et de facturation est sympathique et a fourni un service et une aide exemplaires! La prise de rendez-vous \u00e9tait tr\u00e8s flexible et les rendez-vous commen\u00e7aient \u00e0 l&rsquo;heure comme pr\u00e9vu.<\/p>\n<p>Je recommande vivement le Dr Durand \u00e0 tous ceux qui recherchent un avis m\u00e9dical \/ un traitement pour des blessures \u00e0 la main \/ au poignet \/ au bras.[\/vc_column_text][vc_column_text]Je suis tellement heureuse d&rsquo;avoir choisi de voir le Dr DURAND pour mon op\u00e9ration. J&rsquo;ai eu plusieurs consultations avec d&rsquo;autres m\u00e9decins, et aucun d&rsquo;entre eux n&rsquo;\u00e9tait aussi d\u00e9taill\u00e9 que le Dr DURAND. Et je suis tr\u00e8s content de mes r\u00e9sultats, tout comme les amis que je lui ai r\u00e9f\u00e9r\u00e9s depuis. De plus, le personnel est tr\u00e8s sympathique et rassurant, l&rsquo;ambiance de la clinique est relaxante et tout le monde a une bonne attitude.[\/vc_column_text][vc_column_text]De loin, le meilleur chirurgien de la main de Montr\u00e9al. Il est le docteur le plus qualifi\u00e9, le plus exp\u00e9riment\u00e9 et certainement le plus agr\u00e9able avec qui faire affaire. Si vous avez un probl\u00e8me avec votre main, consultez le Dr Durand.[\/vc_column_text][vc_column_text]Il est difficile de trouver un chirurgien ces jours-ci qui s&rsquo;assoit avec vous et qui \u00e9coute r\u00e9ellement vos questions et vos besoins et qui n&rsquo;attend pas seulement son tour pour parler. De votre premi\u00e8re rencontre avec le Dr Durand \u00e0 votre d\u00e9part de la clinique, vous aurez ce sentiment instinctif que vous avez pris la bonne d\u00e9cision en vous associant avec le bon m\u00e9decin.[\/vc_column_text][\/vc_column][\/vc_row][vc_row css_animation=\u00a0\u00bb\u00a0\u00bb row_type=\u00a0\u00bbrow\u00a0\u00bb use_row_as_full_screen_section=\u00a0\u00bbno\u00a0\u00bb type=\u00a0\u00bbfull_width\u00a0\u00bb angled_section=\u00a0\u00bbno\u00a0\u00bb text_align=\u00a0\u00bbleft\u00a0\u00bb background_image_as_pattern=\u00a0\u00bbwithout_pattern\u00a0\u00bb z_index=\u00a0\u00bb\u00a0\u00bb el_class=\u00a0\u00bbnopaddings\u00a0\u00bb el_id=\u00a0\u00bbbeforecall\u00a0\u00bb][vc_column width=\u00a0\u00bb1\/3&Prime;][vc_column_text]<a href=\"\/fr\/consultation-virtuelle\/\" class=\"tilter tilter--1\"  id=\"img-786\" >\n    <figure class=\"tilter__figure\">\n        <img class=\"tilter__image\" src=\"https:\/\/www.ddchirurgiedelamain.ca\/wp-content\/uploads\/2021\/03\/ramka01.jpg\" \/>\n        <div class=\"tilter__deco tilter__deco--shine\"><div><\/div><\/div>\n        <figcaption class=\"tilter__caption\">\n            <h3 class=\"tilter__title\">CONSULTATION VIRTUELLE<\/h3>\n            <p class=\"tilter__description\">Consultation en ligne du confort de votre maison<\/p>\n        <\/figcaption>\n        <svg class=\"tilter__deco tilter__deco--lines\" viewBox=\"0 0 600 400\">\n            <path d=\"m20.5, 20.5h560v360h-560v-360z\" \/>\n        <\/svg>\n    <\/figure>\n<\/a>[\/vc_column_text][\/vc_column][vc_column width=\u00a0\u00bb1\/3&Prime;][vc_column_text]<a href=\"https:\/\/ddchirurgiedelamain.ca\/fr\/consultation\/\" class=\"tilter tilter--1\"  id=\"img-785\" >\n    <figure class=\"tilter__figure\">\n        <img class=\"tilter__image\" src=\"https:\/\/www.ddchirurgiedelamain.ca\/wp-content\/uploads\/2021\/03\/ramka02.jpg\" \/>\n        <div class=\"tilter__deco tilter__deco--shine\"><div><\/div><\/div>\n        <figcaption class=\"tilter__caption\">\n            <h3 class=\"tilter__title\">PLANIFIER UNE CONSULTATION<\/h3>\n            <p class=\"tilter__description\">R\u00e9servez une consultation pour discuter de vos probl\u00e8mes de la main<\/p>\n        <\/figcaption>\n        <svg class=\"tilter__deco tilter__deco--lines\" viewBox=\"0 0 600 400\">\n            <path d=\"m20.5, 20.5h560v360h-560v-360z\" \/>\n        <\/svg>\n    <\/figure>\n<\/a>[\/vc_column_text][\/vc_column][vc_column width=\u00a0\u00bb1\/3&Prime;][vc_column_text]<a href=\"https:\/\/ddchirurgiedelamain.ca\/fr\/auto-diagnostic\/\" class=\"tilter tilter--1\"  id=\"img-787\" >\n    <figure class=\"tilter__figure\">\n        <img class=\"tilter__image\" src=\"https:\/\/www.ddchirurgiedelamain.ca\/wp-content\/uploads\/2021\/03\/ramka03.jpg\" \/>\n        <div class=\"tilter__deco tilter__deco--shine\"><div><\/div><\/div>\n        <figcaption class=\"tilter__caption\">\n            <h3 class=\"tilter__title\">AUTO-DIAGNOSTIC<\/h3>\n            <p class=\"tilter__description\">Utilisez notre outil en ligne pour \u00e9valuer votre douleur<\/p>\n        <\/figcaption>\n        <svg class=\"tilter__deco tilter__deco--lines\" viewBox=\"0 0 600 400\">\n            <path d=\"m20.5, 20.5h560v360h-560v-360z\" \/>\n        <\/svg>\n    <\/figure>\n<\/a>[\/vc_column_text][\/vc_column][\/vc_row]<\/p>\n","protected":false},"excerpt":{"rendered":"<p>[vc_row css_animation=\u00a0\u00bb\u00a0\u00bb row_type=\u00a0\u00bbrow\u00a0\u00bb use_row_as_full_screen_section=\u00a0\u00bbno\u00a0\u00bb type=\u00a0\u00bbfull_width\u00a0\u00bb angled_section=\u00a0\u00bbno\u00a0\u00bb text_align=\u00a0\u00bbleft\u00a0\u00bb background_image_as_pattern=\u00a0\u00bbwithout_pattern\u00a0\u00bb z_index=\u00a0\u00bb\u00a0\u00bb el_id=\u00a0\u00bbproc-hero\u00a0\u00bb el_class=\u00a0\u00bbfaq\u00a0\u00bb][vc_column width=\u00a0\u00bb1\/2&Prime;][vc_single_image image=\u00a0\u00bb508&Prime; qode_css_animation=\u00a0\u00bb\u00a0\u00bb][\/vc_column][vc_column width=\u00a0\u00bb1\/2&Prime;][vc_column_text] Ce que disent nos patients Il n&rsquo;y a rien que nous aimons mieux que de recevoir des compliments et des paroles aimables de patients heureux au sujet de nos traitements&#8230;<\/p>\n","protected":false},"author":1,"featured_media":0,"parent":0,"menu_order":0,"comment_status":"closed","ping_status":"closed","template":"full_width.php","meta":[],"yoast_head":"<!-- This site is optimized with the Yoast SEO plugin v16.2 - https:\/\/yoast.com\/wordpress\/plugins\/seo\/ -->\n<title>Ce que disent nos patients | Hand Surgeon Montreal<\/title>\n<meta name=\"description\" content=\"Ce que disent nos patients | Montreal Carpal Tunnel, Trigger Finger, Wrist &amp; Cysts, Thumb Arthritis, Nerve decompression, Injury, Repair of bone fractures, ligaments, tendons\" \/>\n<meta name=\"robots\" content=\"index, follow, max-snippet:-1, max-image-preview:large, max-video-preview:-1\" \/>\n<link rel=\"canonical\" href=\"https:\/\/www.ddchirurgiedelamain.ca\/fr\/ce-que-disent-nos-patients\/\" \/>\n<meta property=\"og:locale\" content=\"fr_FR\" \/>\n<meta property=\"og:type\" content=\"article\" \/>\n<meta property=\"og:title\" content=\"Ce que disent nos patients | Hand Surgeon Montreal\" \/>\n<meta property=\"og:description\" content=\"Ce que disent nos patients | Montreal Carpal Tunnel, Trigger Finger, Wrist &amp; Cysts, Thumb Arthritis, Nerve decompression, Injury, Repair of bone fractures, ligaments, tendons\" \/>\n<meta property=\"og:url\" content=\"https:\/\/www.ddchirurgiedelamain.ca\/fr\/ce-que-disent-nos-patients\/\" \/>\n<meta property=\"og:site_name\" content=\"Dr Daniel Durand\" \/>\n<meta property=\"article:publisher\" content=\"https:\/\/www.facebook.com\/montrealhandsurgery\" \/>\n<meta property=\"article:modified_time\" content=\"2021-05-18T18:57:48+00:00\" \/>\n<meta property=\"og:image\" content=\"https:\/\/www.ddchirurgiedelamain.ca\/wp-content\/uploads\/2021\/06\/facebook.jpg\" \/>\n\t<meta property=\"og:image:width\" content=\"1200\" \/>\n\t<meta property=\"og:image:height\" content=\"628\" \/>\n<meta name=\"twitter:card\" content=\"summary_large_image\" \/>\n<meta name=\"twitter:label1\" content=\"Dur\u00e9e de lecture est.\">\n\t<meta name=\"twitter:data1\" content=\"6 minutes\">\n<script type=\"application\/ld+json\" class=\"yoast-schema-graph\">{\"@context\":\"https:\/\/schema.org\",\"@graph\":[{\"@type\":\"Organization\",\"@id\":\"https:\/\/www.ddchirurgiedelamain.ca\/#organization\",\"name\":\"Dr Daniel Durand\",\"url\":\"https:\/\/www.ddchirurgiedelamain.ca\/\",\"sameAs\":[\"https:\/\/www.facebook.com\/montrealhandsurgery\",\"https:\/\/www.instagram.com\/montrealhandsurgery\/\",\"https:\/\/www.linkedin.com\/in\/daniel-durand-79a63b28\/?originalSubdomain=ca\",\"https:\/\/www.youtube.com\/channel\/UC372rc1IV633AUHj8cSx-7Q\"],\"logo\":{\"@type\":\"ImageObject\",\"@id\":\"https:\/\/www.ddchirurgiedelamain.ca\/#logo\",\"inLanguage\":\"fr-FR\",\"url\":\"https:\/\/www.ddchirurgiedelamain.ca\/wp-content\/uploads\/2020\/12\/durand@4x.png\",\"contentUrl\":\"https:\/\/www.ddchirurgiedelamain.ca\/wp-content\/uploads\/2020\/12\/durand@4x.png\",\"width\":655,\"height\":167,\"caption\":\"Dr Daniel Durand\"},\"image\":{\"@id\":\"https:\/\/www.ddchirurgiedelamain.ca\/#logo\"}},{\"@type\":\"WebSite\",\"@id\":\"https:\/\/www.ddchirurgiedelamain.ca\/#website\",\"url\":\"https:\/\/www.ddchirurgiedelamain.ca\/\",\"name\":\"Dr Daniel Durand\",\"description\":\"Just another WordPress site\",\"publisher\":{\"@id\":\"https:\/\/www.ddchirurgiedelamain.ca\/#organization\"},\"potentialAction\":[{\"@type\":\"SearchAction\",\"target\":\"https:\/\/www.ddchirurgiedelamain.ca\/?s={search_term_string}\",\"query-input\":\"required name=search_term_string\"}],\"inLanguage\":\"fr-FR\"},{\"@type\":\"WebPage\",\"@id\":\"https:\/\/www.ddchirurgiedelamain.ca\/fr\/ce-que-disent-nos-patients\/#webpage\",\"url\":\"https:\/\/www.ddchirurgiedelamain.ca\/fr\/ce-que-disent-nos-patients\/\",\"name\":\"Ce que disent nos patients | Hand Surgeon Montreal\",\"isPartOf\":{\"@id\":\"https:\/\/www.ddchirurgiedelamain.ca\/#website\"},\"datePublished\":\"2021-05-18T18:57:47+00:00\",\"dateModified\":\"2021-05-18T18:57:48+00:00\",\"description\":\"Ce que disent nos patients | Montreal Carpal Tunnel, Trigger Finger, Wrist & Cysts, Thumb Arthritis, Nerve decompression, Injury, Repair of bone fractures, ligaments, tendons\",\"breadcrumb\":{\"@id\":\"https:\/\/www.ddchirurgiedelamain.ca\/fr\/ce-que-disent-nos-patients\/#breadcrumb\"},\"inLanguage\":\"fr-FR\",\"potentialAction\":[{\"@type\":\"ReadAction\",\"target\":[\"https:\/\/www.ddchirurgiedelamain.ca\/fr\/ce-que-disent-nos-patients\/\"]}]},{\"@type\":\"BreadcrumbList\",\"@id\":\"https:\/\/www.ddchirurgiedelamain.ca\/fr\/ce-que-disent-nos-patients\/#breadcrumb\",\"itemListElement\":[{\"@type\":\"ListItem\",\"position\":1,\"item\":{\"@type\":\"WebPage\",\"@id\":\"https:\/\/www.ddchirurgiedelamain.ca\/fr\/\",\"url\":\"https:\/\/www.ddchirurgiedelamain.ca\/fr\/\",\"name\":\"Home\"}},{\"@type\":\"ListItem\",\"position\":2,\"item\":{\"@id\":\"https:\/\/www.ddchirurgiedelamain.ca\/fr\/ce-que-disent-nos-patients\/#webpage\"}}]}]}<\/script>\n<!-- \/ Yoast SEO plugin. -->","_links":{"self":[{"href":"https:\/\/www.ddchirurgiedelamain.ca\/fr\/wp-json\/wp\/v2\/pages\/1426"}],"collection":[{"href":"https:\/\/www.ddchirurgiedelamain.ca\/fr\/wp-json\/wp\/v2\/pages"}],"about":[{"href":"https:\/\/www.ddchirurgiedelamain.ca\/fr\/wp-json\/wp\/v2\/types\/page"}],"author":[{"embeddable":true,"href":"https:\/\/www.ddchirurgiedelamain.ca\/fr\/wp-json\/wp\/v2\/users\/1"}],"replies":[{"embeddable":true,"href":"https:\/\/www.ddchirurgiedelamain.ca\/fr\/wp-json\/wp\/v2\/comments?post=1426"}],"version-history":[{"count":2,"href":"https:\/\/www.ddchirurgiedelamain.ca\/fr\/wp-json\/wp\/v2\/pages\/1426\/revisions"}],"predecessor-version":[{"id":1428,"href":"https:\/\/www.ddchirurgiedelamain.ca\/fr\/wp-json\/wp\/v2\/pages\/1426\/revisions\/1428"}],"wp:attachment":[{"href":"https:\/\/www.ddchirurgiedelamain.ca\/fr\/wp-json\/wp\/v2\/media?parent=1426"}],"curies":[{"name":"wp","href":"https:\/\/api.w.org\/{rel}","templated":true}]}}