{"id":1724,"date":"2021-05-21T14:16:14","date_gmt":"2021-05-21T14:16:14","guid":{"rendered":"https:\/\/ddchirurgiedelamain.ca\/decouvrir-les-conditions\/"},"modified":"2021-05-21T14:16:16","modified_gmt":"2021-05-21T14:16:16","slug":"decouvrir-les-conditions","status":"publish","type":"page","link":"https:\/\/www.ddchirurgiedelamain.ca\/fr\/decouvrir-les-conditions\/","title":{"rendered":"D\u00e9couvrir les conditions"},"content":{"rendered":"<p>[vc_row css_animation=\u00a0\u00bb\u00a0\u00bb row_type=\u00a0\u00bbrow\u00a0\u00bb use_row_as_full_screen_section=\u00a0\u00bbno\u00a0\u00bb type=\u00a0\u00bbfull_width\u00a0\u00bb angled_section=\u00a0\u00bbno\u00a0\u00bb text_align=\u00a0\u00bbleft\u00a0\u00bb background_image_as_pattern=\u00a0\u00bbwithout_pattern\u00a0\u00bb z_index=\u00a0\u00bb\u00a0\u00bb el_id=\u00a0\u00bbproc-hero\u00a0\u00bb el_class=\u00a0\u00bbfaq\u00a0\u00bb][vc_column width=\u00a0\u00bb1\/2&Prime;][vc_single_image image=\u00a0\u00bb787&Prime; qode_css_animation=\u00a0\u00bb\u00a0\u00bb][\/vc_column][vc_column width=\u00a0\u00bb1\/2&Prime;][vc_column_text]<\/p>\n<h1>Conditions de la main courantes<\/h1>\n<h3 class=\"thin\">REVENIR \u00c0 LA VIE QUE VOUS AIMEZ COMMENCE PAR D\u00c9TERMINER LA CAUSE DE VOTRE MALAISE.<\/h3>\n<p>Lorsqu&rsquo;il cherche un diagnostic ou un traitement, il vaut mieux voir un m\u00e9decin plus t\u00f4t que plus tard. Une fois qu&rsquo;une condition est grave, les maladies sont plus difficiles \u00e0 corriger.[\/vc_column_text][\/vc_column][\/vc_row][vc_row css_animation=\u00a0\u00bb\u00a0\u00bb row_type=\u00a0\u00bbrow\u00a0\u00bb use_row_as_full_screen_section=\u00a0\u00bbno\u00a0\u00bb type=\u00a0\u00bbgrid\u00a0\u00bb angled_section=\u00a0\u00bbno\u00a0\u00bb text_align=\u00a0\u00bbleft\u00a0\u00bb background_image_as_pattern=\u00a0\u00bbwithout_pattern\u00a0\u00bb z_index=\u00a0\u00bb\u00a0\u00bb el_class=\u00a0\u00bbpad80 flex-center reverse-sm\u00a0\u00bb][vc_column width=\u00a0\u00bb1\/2&Prime;][vc_column_text]<\/p>\n<h3 class=\"thin\">DR. DURAND SE CONSACRE \u00c0 FOURNIR DES SOINS COMPLETS POUR DIVERS PROBL\u00c8MES DE MAIN.<\/h3>\n<p>Des blessures contre l&rsquo;arthrite, aux conditions de la main cong\u00e9nitales, \u00e0 la reconstruction la plus complexe, il s&rsquo;approche chaque cas individuellement, avec un plan sp\u00e9cifique con\u00e7u pour maximiser la restauration de la forme et de la fonction. Selon les types de conditions de main, les patients sont confront\u00e9s, le Dr Durand vous aidera \u00e0 d\u00e9terminer les meilleurs traitements ou proc\u00e9dures pour maximiser la fonctionnalit\u00e9 des mains et les apparences normales des mains.[\/vc_column_text][\/vc_column][vc_column width=\u00a0\u00bb1\/2&Prime;][vc_single_image image=\u00a0\u00bb896&Prime; qode_css_animation=\u00a0\u00bb\u00a0\u00bb][\/vc_column][\/vc_row][vc_row css_animation=\u00a0\u00bb\u00a0\u00bb row_type=\u00a0\u00bbrow\u00a0\u00bb use_row_as_full_screen_section=\u00a0\u00bbno\u00a0\u00bb type=\u00a0\u00bbfull_width\u00a0\u00bb angled_section=\u00a0\u00bbno\u00a0\u00bb text_align=\u00a0\u00bbleft\u00a0\u00bb background_image_as_pattern=\u00a0\u00bbwithout_pattern\u00a0\u00bb z_index=\u00a0\u00bb\u00a0\u00bb el_class=\u00a0\u00bbpad80&Prime;][vc_column][vc_row_inner row_type=\u00a0\u00bbrow\u00a0\u00bb type=\u00a0\u00bbgrid\u00a0\u00bb text_align=\u00a0\u00bbleft\u00a0\u00bb css_animation=\u00a0\u00bb\u00a0\u00bb][vc_column_inner][vc_column_text el_class=\u00a0\u00bbbefore-tabs\u00a0\u00bb]Les douleurs de la main et du poignet peuvent \u00eatre caus\u00e9es par l&rsquo;arthrite, les fractures et les entorses, le syndrome du tunnel carpien, le syndrome du tunnel cubital, la tendinite, les kystes ganglionnaires ou d&rsquo;autres probl\u00e8mes. Une intervention pr\u00e9coce est essentielle pour \u00e9viter les dommages permanents.<\/p>\n<p>En savoir plus d&rsquo;informations sur les conditions de la main courantes.[\/vc_column_text][\/vc_column_inner][\/vc_row_inner][vc_column_text]<div id=\"cond-zone\"><button class=\"button zone-all\" data-filter=\"*\"><input type=\"checkbox\">All<\/button><button class=\"button zone-coude\" data-filter=\".coude\"><input type=\"checkbox\">Coude<\/button><button class=\"button zone-des-doigts\" data-filter=\".des-doigts\"><input type=\"checkbox\">Doigts<\/button><button class=\"button zone-main\" data-filter=\".main\"><input type=\"checkbox\">Main<\/button><button class=\"button zone-poignet\" data-filter=\".poignet\"><input type=\"checkbox\">Poignet<\/button><button class=\"button zone-pouce\" data-filter=\".pouce\"><input type=\"checkbox\">Pouce<\/button><\/div><div class=\"discovery\"><a class=\"discovery-item poignet \" href=\"https:\/\/www.ddchirurgiedelamain.ca\/fr\/condition\/syndrome-du-canal-carpien\/\" data-name=\"syndrome-du-canal-carpien\"><img src=\"https:\/\/www.ddchirurgiedelamain.ca\/wp-content\/uploads\/2020\/12\/carpal-tunnel-syndrome-500x500.jpg\"><div><em>Condition<\/em><span>Syndrome du canal carpien<\/span><\/div><\/a><a class=\"discovery-item coude poignet \" href=\"https:\/\/www.ddchirurgiedelamain.ca\/fr\/condition\/syndrome-du-tunnel-cubital\/\" data-name=\"syndrome-du-tunnel-cubital\"><img src=\"https:\/\/www.ddchirurgiedelamain.ca\/wp-content\/uploads\/2021\/01\/cubital-tunnel-small-500x500.jpg\"><div><em>Condition<\/em><span>Syndrome du tunnel cubital<\/span><\/div><\/a><a class=\"discovery-item des-doigts pouce \" href=\"https:\/\/www.ddchirurgiedelamain.ca\/fr\/condition\/doigt-a-ressaut\/\" data-name=\"doigt-a-ressaut\"><img src=\"https:\/\/www.ddchirurgiedelamain.ca\/wp-content\/uploads\/2021\/01\/trigger-finger-small-500x500.jpg\"><div><em>Condition<\/em><span>Doigt \u00e0 ressaut<\/span><\/div><\/a><a class=\"discovery-item coude \" href=\"https:\/\/www.ddchirurgiedelamain.ca\/fr\/condition\/coude-de-tennis\/\" data-name=\"coude-de-tennis\"><img src=\"https:\/\/www.ddchirurgiedelamain.ca\/wp-content\/uploads\/2021\/01\/tennis-elbow-small-500x500.jpg\"><div><em>Condition<\/em><span>Coude de tennis<\/span><\/div><\/a><a class=\"discovery-item main pouce \" href=\"https:\/\/www.ddchirurgiedelamain.ca\/fr\/condition\/maladie-de-dupuytren\/\" data-name=\"maladie-de-dupuytren\"><img src=\"https:\/\/www.ddchirurgiedelamain.ca\/wp-content\/uploads\/2021\/01\/depsmall-500x500.jpg\"><div><em>Condition<\/em><span>Maladie de Dupuytren<\/span><\/div><\/a><a class=\"discovery-item pouce \" href=\"https:\/\/www.ddchirurgiedelamain.ca\/fr\/condition\/maladie-de-de-quervain\/\" data-name=\"maladie-de-de-quervain\"><img src=\"https:\/\/www.ddchirurgiedelamain.ca\/wp-content\/uploads\/2021\/01\/de-quervains-tendonitis-small-500x500.jpg\"><div><em>Condition<\/em><span>Maladie de De Quervain<\/span><\/div><\/a><a class=\"discovery-item des-doigts poignet pouce \" href=\"https:\/\/www.ddchirurgiedelamain.ca\/fr\/condition\/kystes-ganglionnaires\/\" data-name=\"kystes-ganglionnaires\"><img src=\"https:\/\/www.ddchirurgiedelamain.ca\/wp-content\/uploads\/2021\/01\/ganggang-500x500.jpg\"><div><em>Condition<\/em><span>Kystes ganglionnaires<\/span><\/div><\/a><a class=\"discovery-item pouce \" href=\"https:\/\/www.ddchirurgiedelamain.ca\/fr\/condition\/arthrite-articulaire-basale-du-pouce\/\" data-name=\"arthrite-articulaire-basale-du-pouce\"><img src=\"https:\/\/www.ddchirurgiedelamain.ca\/wp-content\/uploads\/2021\/01\/arthritis-of-the-thumb-small-500x500.jpg\"><div><em>Condition<\/em><span>Arthrite articulaire basale du pouce<\/span><\/div><\/a><a class=\"discovery-item des-doigts \" href=\"https:\/\/www.ddchirurgiedelamain.ca\/fr\/condition\/doigt-en-maillet\/\" data-name=\"doigt-en-maillet\"><img src=\"https:\/\/www.ddchirurgiedelamain.ca\/wp-content\/uploads\/2021\/01\/mallet-finger3-500x500.jpg\"><div><em>Condition<\/em><span>Doigt en maillet<\/span><\/div><\/a><a class=\"discovery-item des-doigts main poignet \" href=\"https:\/\/www.ddchirurgiedelamain.ca\/fr\/condition\/main-poignet-et-doigts-fractures\/\" data-name=\"main-poignet-et-doigts-fractures\"><img src=\"https:\/\/www.ddchirurgiedelamain.ca\/wp-content\/uploads\/2021\/02\/hand-wrist-fractures-small-500x500.jpg\"><div><em>Condition<\/em><span>Fractures de la main, poignet et doigts<\/span><\/div><\/a><a class=\"discovery-item des-doigts main poignet \" href=\"https:\/\/www.ddchirurgiedelamain.ca\/fr\/condition\/main-poignet-et-doigts-tumoraux\/\" data-name=\"main-poignet-et-doigts-tumoraux\"><img src=\"https:\/\/www.ddchirurgiedelamain.ca\/wp-content\/uploads\/2021\/02\/wrist-tumor-500x500.jpg\"><div><em>Condition<\/em><span>Tumeur de la main, poignet et doigts<\/span><\/div><\/a><a class=\"discovery-item des-doigts main poignet pouce \" href=\"https:\/\/www.ddchirurgiedelamain.ca\/fr\/condition\/blessures-musculaires-ligament-et-tendon\/\" data-name=\"blessures-musculaires-ligament-et-tendon\"><img src=\"https:\/\/www.ddchirurgiedelamain.ca\/wp-content\/uploads\/2021\/02\/muscl-500x500.jpg\"><div><em>Condition<\/em><span>Blessures aux ligaments et tendons<\/span><\/div><\/a><\/div>[\/vc_column_text][\/vc_column][\/vc_row][vc_row css_animation=\u00a0\u00bb\u00a0\u00bb row_type=\u00a0\u00bbrow\u00a0\u00bb use_row_as_full_screen_section=\u00a0\u00bbno\u00a0\u00bb type=\u00a0\u00bbgrid\u00a0\u00bb angled_section=\u00a0\u00bbno\u00a0\u00bb text_align=\u00a0\u00bbleft\u00a0\u00bb background_image_as_pattern=\u00a0\u00bbwithout_pattern\u00a0\u00bb el_class=\u00a0\u00bbminicall pad80&Prime; z_index=\u00a0\u00bb\u00a0\u00bb][vc_column][vc_column_text]<\/p>\n<h3 style=\"text-align: center;\">SI VOUS SOUFFREZ DE SYMPT\u00d4MES DE TOUTE CONDITION DE MAIN OU BLESSURE ET \u00c9VALUEZ VOS OPTIONS DE TRAITEMENT,<br \/>\nPLANIFIEZ UNE CONSULTATION AVEC DR. DANIEL DURAND AUJOURD&rsquo;HUI.<\/h3>\n<p style=\"text-align: center;\"><a  itemprop=\"url\" href=\"\/fr\/consultation\/\" target=\"_self\"  class=\"qbutton  default\" style=\"\">PLANIFIER UNE CONSULTATION<\/a><\/p>\n<p>[\/vc_column_text][\/vc_column][\/vc_row][vc_row css_animation=\u00a0\u00bb\u00a0\u00bb row_type=\u00a0\u00bbrow\u00a0\u00bb use_row_as_full_screen_section=\u00a0\u00bbno\u00a0\u00bb type=\u00a0\u00bbfull_width\u00a0\u00bb angled_section=\u00a0\u00bbno\u00a0\u00bb text_align=\u00a0\u00bbleft\u00a0\u00bb background_image_as_pattern=\u00a0\u00bbwithout_pattern\u00a0\u00bb z_index=\u00a0\u00bb\u00a0\u00bb el_class=\u00a0\u00bbnopaddings\u00a0\u00bb el_id=\u00a0\u00bbbeforecall\u00a0\u00bb][vc_column width=\u00a0\u00bb1\/3&Prime;][vc_column_text]<a href=\"\/fr\/consultation-virtuelle\/\" class=\"tilter tilter--1\"  id=\"img-786\" >\n    <figure class=\"tilter__figure\">\n        <img class=\"tilter__image\" src=\"https:\/\/www.ddchirurgiedelamain.ca\/wp-content\/uploads\/2021\/03\/ramka01.jpg\" \/>\n        <div class=\"tilter__deco tilter__deco--shine\"><div><\/div><\/div>\n        <figcaption class=\"tilter__caption\">\n            <h3 class=\"tilter__title\">CONSULTATION VIRTUELLE<\/h3>\n            <p class=\"tilter__description\">Consultation en ligne du confort de votre maison<\/p>\n        <\/figcaption>\n        <svg class=\"tilter__deco tilter__deco--lines\" viewBox=\"0 0 600 400\">\n            <path d=\"m20.5, 20.5h560v360h-560v-360z\" \/>\n        <\/svg>\n    <\/figure>\n<\/a>[\/vc_column_text][\/vc_column][vc_column width=\u00a0\u00bb1\/3&Prime;][vc_column_text]<a href=\"https:\/\/ddchirurgiedelamain.ca\/fr\/consultation\/\" class=\"tilter tilter--1\"  id=\"img-785\" >\n    <figure class=\"tilter__figure\">\n        <img class=\"tilter__image\" src=\"https:\/\/www.ddchirurgiedelamain.ca\/wp-content\/uploads\/2021\/03\/ramka02.jpg\" \/>\n        <div class=\"tilter__deco tilter__deco--shine\"><div><\/div><\/div>\n        <figcaption class=\"tilter__caption\">\n            <h3 class=\"tilter__title\">PLANIFIER UNE CONSULTATION<\/h3>\n            <p class=\"tilter__description\">R\u00e9servez une consultation pour discuter de vos probl\u00e8mes de la main<\/p>\n        <\/figcaption>\n        <svg class=\"tilter__deco tilter__deco--lines\" viewBox=\"0 0 600 400\">\n            <path d=\"m20.5, 20.5h560v360h-560v-360z\" \/>\n        <\/svg>\n    <\/figure>\n<\/a>[\/vc_column_text][\/vc_column][vc_column width=\u00a0\u00bb1\/3&Prime;][vc_column_text]<a href=\"https:\/\/ddchirurgiedelamain.ca\/fr\/auto-diagnostic\/\" class=\"tilter tilter--1\"  id=\"img-787\" >\n    <figure class=\"tilter__figure\">\n        <img class=\"tilter__image\" src=\"https:\/\/www.ddchirurgiedelamain.ca\/wp-content\/uploads\/2021\/03\/ramka03.jpg\" \/>\n        <div class=\"tilter__deco tilter__deco--shine\"><div><\/div><\/div>\n        <figcaption class=\"tilter__caption\">\n            <h3 class=\"tilter__title\">AUTO-DIAGNOSTIC<\/h3>\n            <p class=\"tilter__description\">Utilisez notre outil en ligne pour \u00e9valuer votre douleur<\/p>\n        <\/figcaption>\n        <svg class=\"tilter__deco tilter__deco--lines\" viewBox=\"0 0 600 400\">\n            <path d=\"m20.5, 20.5h560v360h-560v-360z\" \/>\n        <\/svg>\n    <\/figure>\n<\/a>[\/vc_column_text][\/vc_column][\/vc_row]<\/p>\n","protected":false},"excerpt":{"rendered":"<p>[vc_row css_animation=\u00a0\u00bb\u00a0\u00bb row_type=\u00a0\u00bbrow\u00a0\u00bb use_row_as_full_screen_section=\u00a0\u00bbno\u00a0\u00bb type=\u00a0\u00bbfull_width\u00a0\u00bb angled_section=\u00a0\u00bbno\u00a0\u00bb text_align=\u00a0\u00bbleft\u00a0\u00bb background_image_as_pattern=\u00a0\u00bbwithout_pattern\u00a0\u00bb z_index=\u00a0\u00bb\u00a0\u00bb el_id=\u00a0\u00bbproc-hero\u00a0\u00bb el_class=\u00a0\u00bbfaq\u00a0\u00bb][vc_column width=\u00a0\u00bb1\/2&Prime;][vc_single_image image=\u00a0\u00bb787&Prime; qode_css_animation=\u00a0\u00bb\u00a0\u00bb][\/vc_column][vc_column width=\u00a0\u00bb1\/2&Prime;][vc_column_text] Conditions de la main courantes REVENIR \u00c0 LA VIE QUE VOUS AIMEZ COMMENCE PAR D\u00c9TERMINER LA CAUSE DE VOTRE MALAISE. Lorsqu&rsquo;il cherche un diagnostic ou un traitement, il vaut mieux&#8230;<\/p>\n","protected":false},"author":1,"featured_media":0,"parent":0,"menu_order":0,"comment_status":"closed","ping_status":"closed","template":"full_width.php","meta":[],"yoast_head":"<!-- This site is optimized with the Yoast SEO plugin v16.2 - https:\/\/yoast.com\/wordpress\/plugins\/seo\/ -->\n<title>D\u00e9couvrir les conditions | Hand Surgeon Montreal<\/title>\n<meta name=\"description\" content=\"D\u00e9couvrir les conditions | Montreal Carpal Tunnel, Trigger Finger, Wrist &amp; Cysts, Thumb Arthritis, Nerve decompression, Injury, Repair of bone fractures, ligaments, tendons\" \/>\n<meta name=\"robots\" content=\"index, follow, max-snippet:-1, max-image-preview:large, max-video-preview:-1\" \/>\n<link rel=\"canonical\" href=\"https:\/\/www.ddchirurgiedelamain.ca\/fr\/decouvrir-les-conditions\/\" \/>\n<meta property=\"og:locale\" content=\"fr_FR\" \/>\n<meta property=\"og:type\" content=\"article\" \/>\n<meta property=\"og:title\" content=\"D\u00e9couvrir les conditions | Hand Surgeon Montreal\" \/>\n<meta property=\"og:description\" content=\"D\u00e9couvrir les conditions | Montreal Carpal Tunnel, Trigger Finger, Wrist &amp; Cysts, Thumb Arthritis, Nerve decompression, Injury, Repair of bone fractures, ligaments, tendons\" \/>\n<meta property=\"og:url\" content=\"https:\/\/www.ddchirurgiedelamain.ca\/fr\/decouvrir-les-conditions\/\" \/>\n<meta property=\"og:site_name\" content=\"Dr Daniel Durand\" \/>\n<meta property=\"article:publisher\" content=\"https:\/\/www.facebook.com\/montrealhandsurgery\" \/>\n<meta property=\"article:modified_time\" content=\"2021-05-21T14:16:16+00:00\" \/>\n<meta property=\"og:image\" content=\"https:\/\/www.ddchirurgiedelamain.ca\/wp-content\/uploads\/2021\/06\/facebook.jpg\" \/>\n\t<meta property=\"og:image:width\" content=\"1200\" \/>\n\t<meta property=\"og:image:height\" content=\"628\" \/>\n<meta name=\"twitter:card\" content=\"summary_large_image\" \/>\n<meta name=\"twitter:label1\" content=\"Dur\u00e9e de lecture est.\">\n\t<meta name=\"twitter:data1\" content=\"3 minutes\">\n<script type=\"application\/ld+json\" class=\"yoast-schema-graph\">{\"@context\":\"https:\/\/schema.org\",\"@graph\":[{\"@type\":\"Organization\",\"@id\":\"https:\/\/www.ddchirurgiedelamain.ca\/#organization\",\"name\":\"Dr Daniel Durand\",\"url\":\"https:\/\/www.ddchirurgiedelamain.ca\/\",\"sameAs\":[\"https:\/\/www.facebook.com\/montrealhandsurgery\",\"https:\/\/www.instagram.com\/montrealhandsurgery\/\",\"https:\/\/www.linkedin.com\/in\/daniel-durand-79a63b28\/?originalSubdomain=ca\",\"https:\/\/www.youtube.com\/channel\/UC372rc1IV633AUHj8cSx-7Q\"],\"logo\":{\"@type\":\"ImageObject\",\"@id\":\"https:\/\/www.ddchirurgiedelamain.ca\/#logo\",\"inLanguage\":\"fr-FR\",\"url\":\"https:\/\/www.ddchirurgiedelamain.ca\/wp-content\/uploads\/2020\/12\/durand@4x.png\",\"contentUrl\":\"https:\/\/www.ddchirurgiedelamain.ca\/wp-content\/uploads\/2020\/12\/durand@4x.png\",\"width\":655,\"height\":167,\"caption\":\"Dr Daniel Durand\"},\"image\":{\"@id\":\"https:\/\/www.ddchirurgiedelamain.ca\/#logo\"}},{\"@type\":\"WebSite\",\"@id\":\"https:\/\/www.ddchirurgiedelamain.ca\/#website\",\"url\":\"https:\/\/www.ddchirurgiedelamain.ca\/\",\"name\":\"Dr Daniel Durand\",\"description\":\"Just another WordPress site\",\"publisher\":{\"@id\":\"https:\/\/www.ddchirurgiedelamain.ca\/#organization\"},\"potentialAction\":[{\"@type\":\"SearchAction\",\"target\":\"https:\/\/www.ddchirurgiedelamain.ca\/?s={search_term_string}\",\"query-input\":\"required name=search_term_string\"}],\"inLanguage\":\"fr-FR\"},{\"@type\":\"WebPage\",\"@id\":\"https:\/\/www.ddchirurgiedelamain.ca\/fr\/decouvrir-les-conditions\/#webpage\",\"url\":\"https:\/\/www.ddchirurgiedelamain.ca\/fr\/decouvrir-les-conditions\/\",\"name\":\"D\\u00e9couvrir les conditions | Hand Surgeon Montreal\",\"isPartOf\":{\"@id\":\"https:\/\/www.ddchirurgiedelamain.ca\/#website\"},\"datePublished\":\"2021-05-21T14:16:14+00:00\",\"dateModified\":\"2021-05-21T14:16:16+00:00\",\"description\":\"D\\u00e9couvrir les conditions | Montreal Carpal Tunnel, Trigger Finger, Wrist & Cysts, Thumb Arthritis, Nerve decompression, Injury, Repair of bone fractures, ligaments, tendons\",\"breadcrumb\":{\"@id\":\"https:\/\/www.ddchirurgiedelamain.ca\/fr\/decouvrir-les-conditions\/#breadcrumb\"},\"inLanguage\":\"fr-FR\",\"potentialAction\":[{\"@type\":\"ReadAction\",\"target\":[\"https:\/\/www.ddchirurgiedelamain.ca\/fr\/decouvrir-les-conditions\/\"]}]},{\"@type\":\"BreadcrumbList\",\"@id\":\"https:\/\/www.ddchirurgiedelamain.ca\/fr\/decouvrir-les-conditions\/#breadcrumb\",\"itemListElement\":[{\"@type\":\"ListItem\",\"position\":1,\"item\":{\"@type\":\"WebPage\",\"@id\":\"https:\/\/www.ddchirurgiedelamain.ca\/fr\/\",\"url\":\"https:\/\/www.ddchirurgiedelamain.ca\/fr\/\",\"name\":\"Home\"}},{\"@type\":\"ListItem\",\"position\":2,\"item\":{\"@id\":\"https:\/\/www.ddchirurgiedelamain.ca\/fr\/decouvrir-les-conditions\/#webpage\"}}]}]}<\/script>\n<!-- \/ Yoast SEO plugin. -->","_links":{"self":[{"href":"https:\/\/www.ddchirurgiedelamain.ca\/fr\/wp-json\/wp\/v2\/pages\/1724"}],"collection":[{"href":"https:\/\/www.ddchirurgiedelamain.ca\/fr\/wp-json\/wp\/v2\/pages"}],"about":[{"href":"https:\/\/www.ddchirurgiedelamain.ca\/fr\/wp-json\/wp\/v2\/types\/page"}],"author":[{"embeddable":true,"href":"https:\/\/www.ddchirurgiedelamain.ca\/fr\/wp-json\/wp\/v2\/users\/1"}],"replies":[{"embeddable":true,"href":"https:\/\/www.ddchirurgiedelamain.ca\/fr\/wp-json\/wp\/v2\/comments?post=1724"}],"version-history":[{"count":2,"href":"https:\/\/www.ddchirurgiedelamain.ca\/fr\/wp-json\/wp\/v2\/pages\/1724\/revisions"}],"predecessor-version":[{"id":1726,"href":"https:\/\/www.ddchirurgiedelamain.ca\/fr\/wp-json\/wp\/v2\/pages\/1724\/revisions\/1726"}],"wp:attachment":[{"href":"https:\/\/www.ddchirurgiedelamain.ca\/fr\/wp-json\/wp\/v2\/media?parent=1724"}],"curies":[{"name":"wp","href":"https:\/\/api.w.org\/{rel}","templated":true}]}}