{"id":1734,"date":"2021-05-21T14:22:58","date_gmt":"2021-05-21T14:22:58","guid":{"rendered":"https:\/\/ddchirurgiedelamain.ca\/planifier-une-consultation\/"},"modified":"2021-05-21T16:26:30","modified_gmt":"2021-05-21T16:26:30","slug":"consultation","status":"publish","type":"page","link":"https:\/\/www.ddchirurgiedelamain.ca\/fr\/consultation\/","title":{"rendered":"Planifier une consultation"},"content":{"rendered":"<p>[vc_row css_animation=\u00a0\u00bb\u00a0\u00bb row_type=\u00a0\u00bbrow\u00a0\u00bb use_row_as_full_screen_section=\u00a0\u00bbno\u00a0\u00bb type=\u00a0\u00bbfull_width\u00a0\u00bb angled_section=\u00a0\u00bbno\u00a0\u00bb text_align=\u00a0\u00bbleft\u00a0\u00bb background_image_as_pattern=\u00a0\u00bbwithout_pattern\u00a0\u00bb z_index=\u00a0\u00bb\u00a0\u00bb el_id=\u00a0\u00bbshedule\u00a0\u00bb][vc_column width=\u00a0\u00bb1\/2&Prime; css=\u00a0\u00bb.vc_custom_1617207577414{background-image: url(https:\/\/ddchirurgiedelamain.ca\/wp-content\/uploads\/2021\/03\/DSC03359.jpg?id=836) !important;}\u00a0\u00bb el_class=\u00a0\u00bbshed-bg\u00a0\u00bb][\/vc_column][vc_column width=\u00a0\u00bb1\/2&Prime; el_class=\u00a0\u00bbshedule-form\u00a0\u00bb]<div role=\"form\" class=\"wpcf7\" id=\"wpcf7-f1770-o1\" lang=\"en-US\" dir=\"ltr\">\n<div class=\"screen-reader-response\"><p role=\"status\" aria-live=\"polite\" aria-atomic=\"true\"><\/p> <ul><\/ul><\/div>\n<form action=\"\/fr\/wp-json\/wp\/v2\/pages\/1734#wpcf7-f1770-o1\" method=\"post\" class=\"wpcf7-form init cf7_custom_style_1\" novalidate=\"novalidate\" data-status=\"init\">\n<div style=\"display: none;\">\n<input type=\"hidden\" name=\"_wpcf7\" value=\"1770\" \/>\n<input type=\"hidden\" name=\"_wpcf7_version\" value=\"5.4.1\" \/>\n<input type=\"hidden\" name=\"_wpcf7_locale\" value=\"en_US\" \/>\n<input type=\"hidden\" name=\"_wpcf7_unit_tag\" value=\"wpcf7-f1770-o1\" \/>\n<input type=\"hidden\" name=\"_wpcf7_container_post\" value=\"0\" \/>\n<input type=\"hidden\" name=\"_wpcf7_posted_data_hash\" value=\"\" \/>\n<input type=\"hidden\" name=\"_wpcf7cf_hidden_group_fields\" value=\"\" \/>\n<input type=\"hidden\" name=\"_wpcf7cf_hidden_groups\" value=\"\" \/>\n<input type=\"hidden\" name=\"_wpcf7cf_visible_groups\" value=\"\" \/>\n<input type=\"hidden\" name=\"_wpcf7cf_repeaters\" value=\"[]\" \/>\n<input type=\"hidden\" name=\"_wpcf7cf_steps\" value=\"{}\" \/>\n<input type=\"hidden\" name=\"_wpcf7cf_options\" value=\"{&quot;form_id&quot;:1770,&quot;conditions&quot;:[{&quot;then_field&quot;:&quot;group-wrist&quot;,&quot;and_rules&quot;:[{&quot;if_field&quot;:&quot;menu-area&quot;,&quot;operator&quot;:&quot;equals&quot;,&quot;if_value&quot;:&quot;Poignet&quot;}]},{&quot;then_field&quot;:&quot;group-fingers&quot;,&quot;and_rules&quot;:[{&quot;if_field&quot;:&quot;menu-area&quot;,&quot;operator&quot;:&quot;equals&quot;,&quot;if_value&quot;:&quot;Des doigts&quot;}]},{&quot;then_field&quot;:&quot;group-thumb&quot;,&quot;and_rules&quot;:[{&quot;if_field&quot;:&quot;menu-area&quot;,&quot;operator&quot;:&quot;equals&quot;,&quot;if_value&quot;:&quot;Pouce&quot;}]},{&quot;then_field&quot;:&quot;group-hand&quot;,&quot;and_rules&quot;:[{&quot;if_field&quot;:&quot;menu-area&quot;,&quot;operator&quot;:&quot;equals&quot;,&quot;if_value&quot;:&quot;Main&quot;}]},{&quot;then_field&quot;:&quot;group-elbow&quot;,&quot;and_rules&quot;:[{&quot;if_field&quot;:&quot;menu-area&quot;,&quot;operator&quot;:&quot;equals&quot;,&quot;if_value&quot;:&quot;Coude&quot;}]},{&quot;then_field&quot;:&quot;group-ask&quot;,&quot;and_rules&quot;:[{&quot;if_field&quot;:&quot;radio-65&quot;,&quot;operator&quot;:&quot;equals&quot;,&quot;if_value&quot;:&quot;Poser une question&quot;}]},{&quot;then_field&quot;:&quot;group-consult&quot;,&quot;and_rules&quot;:[{&quot;if_field&quot;:&quot;radio-65&quot;,&quot;operator&quot;:&quot;equals&quot;,&quot;if_value&quot;:&quot;Consultation en personne&quot;}]},{&quot;then_field&quot;:&quot;group-consult&quot;,&quot;and_rules&quot;:[{&quot;if_field&quot;:&quot;radio-65&quot;,&quot;operator&quot;:&quot;equals&quot;,&quot;if_value&quot;:&quot;Consultation virtuelle&quot;}]}],&quot;settings&quot;:{&quot;animation&quot;:&quot;yes&quot;,&quot;animation_intime&quot;:200,&quot;animation_outtime&quot;:200,&quot;conditions_ui&quot;:&quot;normal&quot;,&quot;notice_dismissed&quot;:false}}\" \/>\n<input type=\"hidden\" name=\"_wpcf7_recaptcha_response\" value=\"\" \/>\n<\/div>\n<h2>FAITE LE PREMIER GESTE POUR UNE MEILLEURE MOBILIT\u00c9 DE LA MAIN AUJOURD'HUI!<\/h2>\n<p>Remplissez le formulaire ci-dessous et nous vous rappellerons pour une consultation en personne ou virtuelle selon vos pr\u00e9f\u00e9rences. Nous serons plus qu'heureux de cr\u00e9er un temps \u00e0 rencontrer le Dr Durand et de discuter de vos probl\u00e8mes de sant\u00e9.<\/p>\n<div class=\"appointment\">\n<label> Votre nom:\n    <span class=\"wpcf7-form-control-wrap your-name\"><input type=\"text\" name=\"your-name\" value=\"\" size=\"40\" class=\"wpcf7-form-control wpcf7-text wpcf7-validates-as-required\" aria-required=\"true\" aria-invalid=\"false\" \/><\/span> <\/label><label>Date de naissance:\n<span class=\"wpcf7-form-control-wrap date-165\"><input type=\"date\" name=\"date-165\" value=\"\" class=\"wpcf7-form-control wpcf7-date wpcf7-validates-as-date\" aria-invalid=\"false\" \/><\/span>\n<\/label><label>Courriel:\n    <span class=\"wpcf7-form-control-wrap your-email\"><input type=\"email\" name=\"your-email\" value=\"\" size=\"40\" class=\"wpcf7-form-control wpcf7-text wpcf7-email wpcf7-validates-as-required wpcf7-validates-as-email\" aria-required=\"true\" aria-invalid=\"false\" \/><\/span> <\/label><label>T\u00e9l\u00e9phon:\n<span class=\"wpcf7-form-control-wrap tel-214\"><input type=\"tel\" name=\"tel-214\" value=\"\" size=\"40\" class=\"wpcf7-form-control wpcf7-text wpcf7-tel wpcf7-validates-as-required wpcf7-validates-as-tel\" aria-required=\"true\" aria-invalid=\"false\" \/><\/span>\n<\/label><div class=\"full\"> <span class=\"app\">SUJET: <\/span><span class=\"wpcf7-form-control-wrap radio-65\"><span class=\"wpcf7-form-control wpcf7-radio\"><span class=\"wpcf7-list-item first\"><label><input type=\"radio\" name=\"radio-65\" value=\"Consultation en personne\" checked=\"checked\" \/><span class=\"wpcf7-list-item-label\">Consultation en personne<\/span><\/label><\/span><span class=\"wpcf7-list-item\"><label><input type=\"radio\" name=\"radio-65\" value=\"Consultation virtuelle\" \/><span class=\"wpcf7-list-item-label\">Consultation virtuelle<\/span><\/label><\/span><span class=\"wpcf7-list-item last\"><label><input type=\"radio\" name=\"radio-65\" value=\"Poser une question\" \/><span class=\"wpcf7-list-item-label\">Poser une question<\/span><\/label><\/span><\/span><\/span><\/div>\n<div data-id=\"group-consult\" data-orig_data_id=\"group-consult\"  data-class=\"wpcf7cf_group\"><div class=\"app-2\">\n<label class=\"full\"> <span class=\"app\">Choisissez la zone de vos sympt\u00f4mes:  <\/span>\n<span class=\"wpcf7-form-control-wrap menu-area\"><span class=\"wpcf7-form-control wpcf7-radio\"><span class=\"wpcf7-list-item first\"><label><input type=\"radio\" name=\"menu-area\" value=\"Poignet\" \/><span class=\"wpcf7-list-item-label\">Poignet<\/span><\/label><\/span><span class=\"wpcf7-list-item\"><label><input type=\"radio\" name=\"menu-area\" value=\"Des doigts\" \/><span class=\"wpcf7-list-item-label\">Des doigts<\/span><\/label><\/span><span class=\"wpcf7-list-item\"><label><input type=\"radio\" name=\"menu-area\" value=\"Pouce\" \/><span class=\"wpcf7-list-item-label\">Pouce<\/span><\/label><\/span><span class=\"wpcf7-list-item\"><label><input type=\"radio\" name=\"menu-area\" value=\"Main\" \/><span class=\"wpcf7-list-item-label\">Main<\/span><\/label><\/span><span class=\"wpcf7-list-item last\"><label><input type=\"radio\" name=\"menu-area\" value=\"Coude\" \/><span class=\"wpcf7-list-item-label\">Coude<\/span><\/label><\/span><\/span><\/span>\n<\/label>\n<div data-id=\"group-wrist\" data-orig_data_id=\"group-wrist\" data-clear_on_hide data-class=\"wpcf7cf_group\"><label class=\"app\">SYMPT\u00d4MES:<\/label><span class=\"wpcf7-form-control-wrap checkbox-wrist\"><span class=\"wpcf7-form-control wpcf7-checkbox\"><span class=\"wpcf7-list-item first\"><label><input type=\"checkbox\" name=\"checkbox-wrist[]\" value=\"Douleur de la main\" \/><span class=\"wpcf7-list-item-label\">Douleur de la main<\/span><\/label><\/span><span class=\"wpcf7-list-item\"><label><input type=\"checkbox\" name=\"checkbox-wrist[]\" value=\"Faiblesse de la main\" \/><span class=\"wpcf7-list-item-label\">Faiblesse de la main<\/span><\/label><\/span><span class=\"wpcf7-list-item\"><label><input type=\"checkbox\" name=\"checkbox-wrist[]\" value=\"Pas de sentiment de la main\" \/><span class=\"wpcf7-list-item-label\">Pas de sentiment de la main<\/span><\/label><\/span><span class=\"wpcf7-list-item\"><label><input type=\"checkbox\" name=\"checkbox-wrist[]\" value=\"Douleur au poignet\" \/><span class=\"wpcf7-list-item-label\">Douleur au poignet<\/span><\/label><\/span><span class=\"wpcf7-list-item\"><label><input type=\"checkbox\" name=\"checkbox-wrist[]\" value=\"Morceau\" \/><span class=\"wpcf7-list-item-label\">Morceau<\/span><\/label><\/span><span class=\"wpcf7-list-item last\"><label><input type=\"checkbox\" name=\"checkbox-wrist[]\" value=\"Autre\" \/><span class=\"wpcf7-list-item-label\">Autre<\/span><\/label><\/span><\/span><\/span><\/div>\n<div data-id=\"group-fingers\" data-orig_data_id=\"group-fingers\" data-clear_on_hide data-class=\"wpcf7cf_group\"><label class=\"app\">SYMPT\u00d4MES:<\/label><span class=\"wpcf7-form-control-wrap checkbox-fingers\"><span class=\"wpcf7-form-control wpcf7-checkbox\"><span class=\"wpcf7-list-item first\"><label><input type=\"checkbox\" name=\"checkbox-fingers[]\" value=\"Morceau tendre\" \/><span class=\"wpcf7-list-item-label\">Morceau tendre<\/span><\/label><\/span><span class=\"wpcf7-list-item\"><label><input type=\"checkbox\" name=\"checkbox-fingers[]\" value=\"Gonflement\" \/><span class=\"wpcf7-list-item-label\">Gonflement<\/span><\/label><\/span><span class=\"wpcf7-list-item\"><label><input type=\"checkbox\" name=\"checkbox-fingers[]\" value=\"Sensation de capture\" \/><span class=\"wpcf7-list-item-label\">Sensation de capture<\/span><\/label><\/span><span class=\"wpcf7-list-item\"><label><input type=\"checkbox\" name=\"checkbox-fingers[]\" value=\"Douleur\" \/><span class=\"wpcf7-list-item-label\">Douleur<\/span><\/label><\/span><span class=\"wpcf7-list-item\"><label><input type=\"checkbox\" name=\"checkbox-fingers[]\" value=\"Morceau\" \/><span class=\"wpcf7-list-item-label\">Morceau<\/span><\/label><\/span><span class=\"wpcf7-list-item last\"><label><input type=\"checkbox\" name=\"checkbox-fingers[]\" value=\"Autre\" \/><span class=\"wpcf7-list-item-label\">Autre<\/span><\/label><\/span><\/span><\/span><\/div>\n<div data-id=\"group-thumb\" data-orig_data_id=\"group-thumb\" data-clear_on_hide data-class=\"wpcf7cf_group\"><label class=\"app\">SYMPT\u00d4MES:<\/label><span class=\"wpcf7-form-control-wrap checkbox-thumb\"><span class=\"wpcf7-form-control wpcf7-checkbox\"><span class=\"wpcf7-list-item first\"><label><input type=\"checkbox\" name=\"checkbox-thumb[]\" value=\"Douleur\" \/><span class=\"wpcf7-list-item-label\">Douleur<\/span><\/label><\/span><span class=\"wpcf7-list-item\"><label><input type=\"checkbox\" name=\"checkbox-thumb[]\" value=\"Gonflement\" \/><span class=\"wpcf7-list-item-label\">Gonflement<\/span><\/label><\/span><span class=\"wpcf7-list-item\"><label><input type=\"checkbox\" name=\"checkbox-thumb[]\" value=\"Raideur et tendresse\" \/><span class=\"wpcf7-list-item-label\">Raideur et tendresse<\/span><\/label><\/span><span class=\"wpcf7-list-item\"><label><input type=\"checkbox\" name=\"checkbox-thumb[]\" value=\"Sensation de capture ou de captage\" \/><span class=\"wpcf7-list-item-label\">Sensation de capture ou de captage<\/span><\/label><\/span><span class=\"wpcf7-list-item\"><label><input type=\"checkbox\" name=\"checkbox-thumb[]\" value=\"Diminution de la force\" \/><span class=\"wpcf7-list-item-label\">Diminution de la force<\/span><\/label><\/span><span class=\"wpcf7-list-item\"><label><input type=\"checkbox\" name=\"checkbox-thumb[]\" value=\"Apparition agrandie de joint \u00e0 pouce\" \/><span class=\"wpcf7-list-item-label\">Apparition agrandie de joint \u00e0 pouce<\/span><\/label><\/span><span class=\"wpcf7-list-item last\"><label><input type=\"checkbox\" name=\"checkbox-thumb[]\" value=\"Autre\" \/><span class=\"wpcf7-list-item-label\">Autre<\/span><\/label><\/span><\/span><\/span><\/div>\n<div data-id=\"group-hand\" data-orig_data_id=\"group-hand\" data-clear_on_hide data-class=\"wpcf7cf_group\"><label class=\"app\">SYMPT\u00d4MES:<\/label><span class=\"wpcf7-form-control-wrap checkbox-hand\"><span class=\"wpcf7-form-control wpcf7-checkbox\"><span class=\"wpcf7-list-item first\"><label><input type=\"checkbox\" name=\"checkbox-hand[]\" value=\"Petits morceaux ou nodules\" \/><span class=\"wpcf7-list-item-label\">Petits morceaux ou nodules<\/span><\/label><\/span><span class=\"wpcf7-list-item\"><label><input type=\"checkbox\" name=\"checkbox-hand[]\" value=\"Contractures\" \/><span class=\"wpcf7-list-item-label\">Contractures<\/span><\/label><\/span><span class=\"wpcf7-list-item\"><label><input type=\"checkbox\" name=\"checkbox-hand[]\" value=\"Pliez votre doigt\" \/><span class=\"wpcf7-list-item-label\">Pliez votre doigt<\/span><\/label><\/span><span class=\"wpcf7-list-item\"><label><input type=\"checkbox\" name=\"checkbox-hand[]\" value=\"Blessure\" \/><span class=\"wpcf7-list-item-label\">Blessure<\/span><\/label><\/span><span class=\"wpcf7-list-item\"><label><input type=\"checkbox\" name=\"checkbox-hand[]\" value=\"Fracture\" \/><span class=\"wpcf7-list-item-label\">Fracture<\/span><\/label><\/span><span class=\"wpcf7-list-item last\"><label><input type=\"checkbox\" name=\"checkbox-hand[]\" value=\"Autre\" \/><span class=\"wpcf7-list-item-label\">Autre<\/span><\/label><\/span><\/span><\/span><\/div>\n<div data-id=\"group-elbow\" data-orig_data_id=\"group-elbow\" data-clear_on_hide data-class=\"wpcf7cf_group\"><label class=\"app\">SYMPT\u00d4MES:<\/label><span class=\"wpcf7-form-control-wrap checkbox-elbow\"><span class=\"wpcf7-form-control wpcf7-checkbox\"><span class=\"wpcf7-list-item first\"><label><input type=\"checkbox\" name=\"checkbox-elbow[]\" value=\"Engourdissement dans l&#039;annulaire et petit doigt\" \/><span class=\"wpcf7-list-item-label\">Engourdissement dans l&#039;annulaire et petit doigt<\/span><\/label><\/span><span class=\"wpcf7-list-item\"><label><input type=\"checkbox\" name=\"checkbox-elbow[]\" value=\"Picotement dans l&#039;annulaire et le petit doigt\" \/><span class=\"wpcf7-list-item-label\">Picotement dans l&#039;annulaire et le petit doigt<\/span><\/label><\/span><span class=\"wpcf7-list-item\"><label><input type=\"checkbox\" name=\"checkbox-elbow[]\" value=\"Affaiblissement de la poign\u00e9e\" \/><span class=\"wpcf7-list-item-label\">Affaiblissement de la poign\u00e9e<\/span><\/label><\/span><span class=\"wpcf7-list-item\"><label><input type=\"checkbox\" name=\"checkbox-elbow[]\" value=\"Douleur ou br\u00fblure\" \/><span class=\"wpcf7-list-item-label\">Douleur ou br\u00fblure<\/span><\/label><\/span><span class=\"wpcf7-list-item last\"><label><input type=\"checkbox\" name=\"checkbox-elbow[]\" value=\"Autre\" \/><span class=\"wpcf7-list-item-label\">Autre<\/span><\/label><\/span><\/span><\/span><\/div>\n<label class=\"arrow\">M\u00e9thode de communication pr\u00e9f\u00e9r\u00e9e:\n<span class=\"wpcf7-form-control-wrap menu-179\"><select name=\"menu-179\" class=\"wpcf7-form-control wpcf7-select\" aria-invalid=\"false\"><option value=\"Courriel\">Courriel<\/option><option value=\"T\u00e9l\u00e9phon\">T\u00e9l\u00e9phon<\/option><\/select><\/span>\n<\/label><label class=\"arrow\">Jour pr\u00e9f\u00e9r\u00e9 pour une consultation:\n<span class=\"wpcf7-form-control-wrap menu-180\"><select name=\"menu-180\" class=\"wpcf7-form-control wpcf7-select\" aria-invalid=\"false\"><option value=\"Pas de pr\u00e9f\u00e9rence\">Pas de pr\u00e9f\u00e9rence<\/option><option value=\"Lundi\">Lundi<\/option><option value=\"Mardi\">Mardi<\/option><option value=\"Mercredi\">Mercredi<\/option><option value=\"Jeudi\">Jeudi<\/option><option value=\"Vendredi\">Vendredi<\/option><\/select><\/span>\n<\/label><label class=\"arrow\">Temps pr\u00e9f\u00e9r\u00e9 pour la consultation:\n<span class=\"wpcf7-form-control-wrap menu-410\"><select name=\"menu-410\" class=\"wpcf7-form-control wpcf7-select\" aria-invalid=\"false\"><option value=\"Pas de pr\u00e9f\u00e9rence\">Pas de pr\u00e9f\u00e9rence<\/option><option value=\"Matin\">Matin<\/option><option value=\"Apr\u00e8s midi\">Apr\u00e8s midi<\/option><option value=\"Soir\">Soir<\/option><\/select><\/span>\n<\/label><label class=\"full\">D\u00e9crivez bri\u00e8vement votre pr\u00e9occupation:\n    <span class=\"wpcf7-form-control-wrap your-message\"><textarea name=\"your-message\" cols=\"40\" rows=\"10\" class=\"wpcf7-form-control wpcf7-textarea\" aria-invalid=\"false\"><\/textarea><\/span> <\/label><\/div>\n<\/div>\n<div data-id=\"group-ask\" data-orig_data_id=\"group-ask\"  data-class=\"wpcf7cf_group\"><label>Votre question:\n    <span class=\"wpcf7-form-control-wrap your-ask\"><textarea name=\"your-ask\" cols=\"40\" rows=\"10\" class=\"wpcf7-form-control wpcf7-textarea\" aria-invalid=\"false\"><\/textarea><\/span> <\/label><\/div>\n<input type=\"submit\" value=\"Envoyer\" class=\"wpcf7-form-control wpcf7-submit\" \/>\n<\/div><div class=\"wpcf7-response-output\" aria-hidden=\"true\"><\/div><\/form><\/div>[\/vc_column][\/vc_row]<\/p>\n","protected":false},"excerpt":{"rendered":"<p>[vc_row css_animation=\u00a0\u00bb\u00a0\u00bb row_type=\u00a0\u00bbrow\u00a0\u00bb use_row_as_full_screen_section=\u00a0\u00bbno\u00a0\u00bb type=\u00a0\u00bbfull_width\u00a0\u00bb angled_section=\u00a0\u00bbno\u00a0\u00bb text_align=\u00a0\u00bbleft\u00a0\u00bb background_image_as_pattern=\u00a0\u00bbwithout_pattern\u00a0\u00bb z_index=\u00a0\u00bb\u00a0\u00bb el_id=\u00a0\u00bbshedule\u00a0\u00bb][vc_column width=\u00a0\u00bb1\/2&Prime; css=\u00a0\u00bb.vc_custom_1617207577414{background-image: url(https:\/\/ddchirurgiedelamain.ca\/wp-content\/uploads\/2021\/03\/DSC03359.jpg?id=836) !important;}\u00a0\u00bb el_class=\u00a0\u00bbshed-bg\u00a0\u00bb][\/vc_column][vc_column width=\u00a0\u00bb1\/2&Prime; el_class=\u00a0\u00bbshedule-form\u00a0\u00bb][\/vc_column][\/vc_row]<\/p>\n","protected":false},"author":1,"featured_media":0,"parent":0,"menu_order":0,"comment_status":"closed","ping_status":"closed","template":"full_width.php","meta":[],"yoast_head":"<!-- This site is optimized with the Yoast SEO plugin v16.2 - https:\/\/yoast.com\/wordpress\/plugins\/seo\/ -->\n<title>Planifier une consultation | Hand Surgeon Montreal<\/title>\n<meta name=\"description\" content=\"Planifier une consultation | Montreal Carpal Tunnel, Trigger Finger, Wrist &amp; Cysts, Thumb Arthritis, Nerve decompression, Injury, Repair of bone fractures, ligaments, tendons\" \/>\n<meta name=\"robots\" content=\"index, follow, max-snippet:-1, max-image-preview:large, max-video-preview:-1\" \/>\n<link rel=\"canonical\" href=\"https:\/\/www.ddchirurgiedelamain.ca\/fr\/consultation\/\" \/>\n<meta property=\"og:locale\" content=\"fr_FR\" \/>\n<meta property=\"og:type\" content=\"article\" \/>\n<meta property=\"og:title\" content=\"Planifier une consultation | Hand Surgeon Montreal\" \/>\n<meta property=\"og:description\" content=\"Planifier une consultation | Montreal Carpal Tunnel, Trigger Finger, Wrist &amp; Cysts, Thumb Arthritis, Nerve decompression, Injury, Repair of bone fractures, ligaments, tendons\" \/>\n<meta property=\"og:url\" content=\"https:\/\/www.ddchirurgiedelamain.ca\/fr\/consultation\/\" \/>\n<meta property=\"og:site_name\" content=\"Dr Daniel Durand\" \/>\n<meta property=\"article:publisher\" content=\"https:\/\/www.facebook.com\/montrealhandsurgery\" \/>\n<meta property=\"article:modified_time\" content=\"2021-05-21T16:26:30+00:00\" \/>\n<meta property=\"og:image\" content=\"https:\/\/www.ddchirurgiedelamain.ca\/wp-content\/uploads\/2021\/06\/facebook.jpg\" \/>\n\t<meta property=\"og:image:width\" content=\"1200\" \/>\n\t<meta property=\"og:image:height\" content=\"628\" \/>\n<meta name=\"twitter:card\" content=\"summary_large_image\" \/>\n<script type=\"application\/ld+json\" class=\"yoast-schema-graph\">{\"@context\":\"https:\/\/schema.org\",\"@graph\":[{\"@type\":\"Organization\",\"@id\":\"https:\/\/www.ddchirurgiedelamain.ca\/#organization\",\"name\":\"Dr Daniel Durand\",\"url\":\"https:\/\/www.ddchirurgiedelamain.ca\/\",\"sameAs\":[\"https:\/\/www.facebook.com\/montrealhandsurgery\",\"https:\/\/www.instagram.com\/montrealhandsurgery\/\",\"https:\/\/www.linkedin.com\/in\/daniel-durand-79a63b28\/?originalSubdomain=ca\",\"https:\/\/www.youtube.com\/channel\/UC372rc1IV633AUHj8cSx-7Q\"],\"logo\":{\"@type\":\"ImageObject\",\"@id\":\"https:\/\/www.ddchirurgiedelamain.ca\/#logo\",\"inLanguage\":\"fr-FR\",\"url\":\"https:\/\/www.ddchirurgiedelamain.ca\/wp-content\/uploads\/2020\/12\/durand@4x.png\",\"contentUrl\":\"https:\/\/www.ddchirurgiedelamain.ca\/wp-content\/uploads\/2020\/12\/durand@4x.png\",\"width\":655,\"height\":167,\"caption\":\"Dr Daniel Durand\"},\"image\":{\"@id\":\"https:\/\/www.ddchirurgiedelamain.ca\/#logo\"}},{\"@type\":\"WebSite\",\"@id\":\"https:\/\/www.ddchirurgiedelamain.ca\/#website\",\"url\":\"https:\/\/www.ddchirurgiedelamain.ca\/\",\"name\":\"Dr Daniel Durand\",\"description\":\"Just another WordPress site\",\"publisher\":{\"@id\":\"https:\/\/www.ddchirurgiedelamain.ca\/#organization\"},\"potentialAction\":[{\"@type\":\"SearchAction\",\"target\":\"https:\/\/www.ddchirurgiedelamain.ca\/?s={search_term_string}\",\"query-input\":\"required name=search_term_string\"}],\"inLanguage\":\"fr-FR\"},{\"@type\":\"WebPage\",\"@id\":\"https:\/\/www.ddchirurgiedelamain.ca\/fr\/consultation\/#webpage\",\"url\":\"https:\/\/www.ddchirurgiedelamain.ca\/fr\/consultation\/\",\"name\":\"Planifier une consultation | Hand Surgeon Montreal\",\"isPartOf\":{\"@id\":\"https:\/\/www.ddchirurgiedelamain.ca\/#website\"},\"datePublished\":\"2021-05-21T14:22:58+00:00\",\"dateModified\":\"2021-05-21T16:26:30+00:00\",\"description\":\"Planifier une consultation | Montreal Carpal Tunnel, Trigger Finger, Wrist & Cysts, Thumb Arthritis, Nerve decompression, Injury, Repair of bone fractures, ligaments, tendons\",\"breadcrumb\":{\"@id\":\"https:\/\/www.ddchirurgiedelamain.ca\/fr\/consultation\/#breadcrumb\"},\"inLanguage\":\"fr-FR\",\"potentialAction\":[{\"@type\":\"ReadAction\",\"target\":[\"https:\/\/www.ddchirurgiedelamain.ca\/fr\/consultation\/\"]}]},{\"@type\":\"BreadcrumbList\",\"@id\":\"https:\/\/www.ddchirurgiedelamain.ca\/fr\/consultation\/#breadcrumb\",\"itemListElement\":[{\"@type\":\"ListItem\",\"position\":1,\"item\":{\"@type\":\"WebPage\",\"@id\":\"https:\/\/www.ddchirurgiedelamain.ca\/fr\/\",\"url\":\"https:\/\/www.ddchirurgiedelamain.ca\/fr\/\",\"name\":\"Home\"}},{\"@type\":\"ListItem\",\"position\":2,\"item\":{\"@id\":\"https:\/\/www.ddchirurgiedelamain.ca\/fr\/consultation\/#webpage\"}}]}]}<\/script>\n<!-- \/ Yoast SEO plugin. -->","_links":{"self":[{"href":"https:\/\/www.ddchirurgiedelamain.ca\/fr\/wp-json\/wp\/v2\/pages\/1734"}],"collection":[{"href":"https:\/\/www.ddchirurgiedelamain.ca\/fr\/wp-json\/wp\/v2\/pages"}],"about":[{"href":"https:\/\/www.ddchirurgiedelamain.ca\/fr\/wp-json\/wp\/v2\/types\/page"}],"author":[{"embeddable":true,"href":"https:\/\/www.ddchirurgiedelamain.ca\/fr\/wp-json\/wp\/v2\/users\/1"}],"replies":[{"embeddable":true,"href":"https:\/\/www.ddchirurgiedelamain.ca\/fr\/wp-json\/wp\/v2\/comments?post=1734"}],"version-history":[{"count":2,"href":"https:\/\/www.ddchirurgiedelamain.ca\/fr\/wp-json\/wp\/v2\/pages\/1734\/revisions"}],"predecessor-version":[{"id":1771,"href":"https:\/\/www.ddchirurgiedelamain.ca\/fr\/wp-json\/wp\/v2\/pages\/1734\/revisions\/1771"}],"wp:attachment":[{"href":"https:\/\/www.ddchirurgiedelamain.ca\/fr\/wp-json\/wp\/v2\/media?parent=1734"}],"curies":[{"name":"wp","href":"https:\/\/api.w.org\/{rel}","templated":true}]}}