{"id":1747,"date":"2021-05-21T14:27:49","date_gmt":"2021-05-21T14:27:49","guid":{"rendered":"https:\/\/ddchirurgiedelamain.ca\/decouvrir-les-procedures\/"},"modified":"2021-05-21T14:27:50","modified_gmt":"2021-05-21T14:27:50","slug":"decouvrir-les-procedures","status":"publish","type":"page","link":"https:\/\/www.ddchirurgiedelamain.ca\/fr\/decouvrir-les-procedures\/","title":{"rendered":"D\u00e9couvrir les proc\u00e9dures"},"content":{"rendered":"<p>[vc_row css_animation=\u00a0\u00bb\u00a0\u00bb row_type=\u00a0\u00bbrow\u00a0\u00bb use_row_as_full_screen_section=\u00a0\u00bbno\u00a0\u00bb type=\u00a0\u00bbfull_width\u00a0\u00bb angled_section=\u00a0\u00bbno\u00a0\u00bb text_align=\u00a0\u00bbleft\u00a0\u00bb background_image_as_pattern=\u00a0\u00bbwithout_pattern\u00a0\u00bb z_index=\u00a0\u00bb\u00a0\u00bb el_id=\u00a0\u00bbproc-hero\u00a0\u00bb el_class=\u00a0\u00bbfaq\u00a0\u00bb][vc_column width=\u00a0\u00bb1\/2&Prime;][vc_single_image image=\u00a0\u00bb1274&Prime; qode_css_animation=\u00a0\u00bb\u00a0\u00bb][\/vc_column][vc_column width=\u00a0\u00bb1\/2&Prime;][vc_column_text]<\/p>\n<h1>Nos proc\u00e9dures<\/h1>\n<p>Lorsqu&rsquo;on cherche un diagnostic ou un traitement, il vaut mieux voir un m\u00e9decin plus t\u00f4t que tard. Une fois qu&rsquo;une condition est grave, les maladies sont plus difficiles \u00e0 corriger.[\/vc_column_text][\/vc_column][\/vc_row][vc_row css_animation=\u00a0\u00bb\u00a0\u00bb row_type=\u00a0\u00bbrow\u00a0\u00bb use_row_as_full_screen_section=\u00a0\u00bbno\u00a0\u00bb type=\u00a0\u00bbgrid\u00a0\u00bb angled_section=\u00a0\u00bbno\u00a0\u00bb text_align=\u00a0\u00bbleft\u00a0\u00bb background_image_as_pattern=\u00a0\u00bbwithout_pattern\u00a0\u00bb z_index=\u00a0\u00bb\u00a0\u00bb el_class=\u00a0\u00bbpad80 flex-center reverse-sm\u00a0\u00bb][vc_column width=\u00a0\u00bb1\/2&Prime;][vc_column_text]<\/p>\n<h3 class=\"thin\">DR DURAND SE CONSACRE \u00c0 FOURNIR DES SOINS COMPLETS POUR DIVERS PROBL\u00c8MES DE MAIN.<\/h3>\n<p>Le Dr Daniel Durand est reconnu comme l&rsquo;un des experts les plus exp\u00e9riment\u00e9s, innovants et faisant autorit\u00e9 des soins de la main et des poignets. Il est reconnu pour son expertise dans les blessures au poignet et au nerf complexe, aux soins de fracture et \u00e0 son leadership dans l&rsquo;am\u00e9lioration de l&rsquo;\u00e9ducation chirurgicale, du niveau de comp\u00e9tence et des techniques pratiqu\u00e9es par les chirurgiens des mains les plus r\u00e9cents.[\/vc_column_text][\/vc_column][vc_column width=\u00a0\u00bb1\/2&Prime;][vc_single_image image=\u00a0\u00bb909&Prime; qode_css_animation=\u00a0\u00bb\u00a0\u00bb][\/vc_column][\/vc_row][vc_row css_animation=\u00a0\u00bb\u00a0\u00bb row_type=\u00a0\u00bbrow\u00a0\u00bb use_row_as_full_screen_section=\u00a0\u00bbno\u00a0\u00bb type=\u00a0\u00bbfull_width\u00a0\u00bb angled_section=\u00a0\u00bbno\u00a0\u00bb text_align=\u00a0\u00bbleft\u00a0\u00bb background_image_as_pattern=\u00a0\u00bbwithout_pattern\u00a0\u00bb z_index=\u00a0\u00bb\u00a0\u00bb el_class=\u00a0\u00bbpad80&Prime;][vc_column][vc_row_inner row_type=\u00a0\u00bbrow\u00a0\u00bb type=\u00a0\u00bbgrid\u00a0\u00bb text_align=\u00a0\u00bbleft\u00a0\u00bb css_animation=\u00a0\u00bb\u00a0\u00bb][vc_column_inner][vc_column_text el_class=\u00a0\u00bbbefore-tabs\u00a0\u00bb]DR. DURAND EST D\u00c9DI\u00c9 \u00c0 L\u2019EX\u00c9CUTION DE NOMBREUX TYPES DE CONDITIONS DE MAIN ET DE POIGNET N\u00c9CESSITANT DES SOLUTIONS CHIRURGICALES, D&rsquo;AUTRES OPTIONS DE TRAITEMENT SONT DISPONIBLES POUR DES PROBL\u00c8MES MOINS GRAVES. CES OPTIONS DE TRAITEMENT NON CHIRURGICAL PEUVENT INCLURE LE PR\u00c9JUDICE OU LA COUL\u00c9E ET D&rsquo;AUTRES M\u00c9THODES DE TRAITEMENT EN AMBULATOIRES.<\/p>\n<p>Si vous avez rencontr\u00e9 des probl\u00e8mes de main ou de poignet, planifiez un rendez-vous avec le Dr Daniel Durand aujourd&rsquo;hui!<\/p>\n<p>En savoir plus d&rsquo;informations sur nos proc\u00e9dures.[\/vc_column_text][\/vc_column_inner][\/vc_row_inner][vc_column_text]<div id=\"cond-zone\"><button class=\"button zone-all\" data-filter=\"*\"><input type=\"checkbox\">All<\/button><button class=\"button zone-coude\" data-filter=\".coude\"><input type=\"checkbox\">Coude<\/button><button class=\"button zone-des-doigts\" data-filter=\".des-doigts\"><input type=\"checkbox\">Doigts<\/button><button class=\"button zone-main\" data-filter=\".main\"><input type=\"checkbox\">Main<\/button><button class=\"button zone-poignet\" data-filter=\".poignet\"><input type=\"checkbox\">Poignet<\/button><button class=\"button zone-pouce\" data-filter=\".pouce\"><input type=\"checkbox\">Pouce<\/button><\/div><div class=\"discovery\"><a class=\"discovery-item poignet \" href=\"https:\/\/www.ddchirurgiedelamain.ca\/fr\/procedure\/liberation-du-tunnel-carpien\/\" data-name=\"liberation-du-tunnel-carpien\"><img src=\"https:\/\/www.ddchirurgiedelamain.ca\/wp-content\/uploads\/2021\/03\/carpal-tunnel-endoscopic-release-patient-5-500x500.jpg\"><div><em>Procedure<\/em><span>D\u00e9compression du tunnel carpien<\/span><\/div><\/a><a class=\"discovery-item coude poignet \" href=\"https:\/\/www.ddchirurgiedelamain.ca\/fr\/procedure\/liberation-du-tunnel-cubital\/\" data-name=\"liberation-du-tunnel-cubital\"><img src=\"https:\/\/www.ddchirurgiedelamain.ca\/wp-content\/uploads\/2021\/03\/cubicubital-500x500.jpg\"><div><em>Procedure<\/em><span>D\u00e9compression du tunnel cubital<\/span><\/div><\/a><a class=\"discovery-item pouce \" href=\"https:\/\/www.ddchirurgiedelamain.ca\/fr\/procedure\/trapezectomie\/\" data-name=\"trapezectomie\"><img src=\"https:\/\/www.ddchirurgiedelamain.ca\/wp-content\/uploads\/2021\/02\/trapeziectomy-500x500.jpg\"><div><em>Procedure<\/em><span>Trap\u00e8zectomie<\/span><\/div><\/a><a class=\"discovery-item des-doigts pouce \" href=\"https:\/\/www.ddchirurgiedelamain.ca\/fr\/procedure\/decompression-des-doigts-a-ressaut\/\" data-name=\"decompression-des-doigts-a-ressaut\"><img src=\"https:\/\/www.ddchirurgiedelamain.ca\/wp-content\/uploads\/2021\/02\/trigger-finger-decompression-patient-4-500x500.jpg\"><div><em>Procedure<\/em><span>D\u00e9compression des doigts \u00e0 ressaut<\/span><\/div><\/a><a class=\"discovery-item main \" href=\"https:\/\/www.ddchirurgiedelamain.ca\/fr\/procedure\/traitements-de-la-contracture-de-dupuytren\/\" data-name=\"traitements-de-la-contracture-de-dupuytren\"><img src=\"https:\/\/www.ddchirurgiedelamain.ca\/wp-content\/uploads\/2021\/03\/dupuytrens-disease-surgical-treatment-patient-2-500x500.jpg\"><div><em>Procedure<\/em><span>Traitements de la contracture de Dupuytren<\/span><\/div><\/a><a class=\"discovery-item main \" href=\"https:\/\/www.ddchirurgiedelamain.ca\/fr\/procedure\/injection-enzyme\/\" data-name=\"injection-enzyme\"><img src=\"https:\/\/www.ddchirurgiedelamain.ca\/wp-content\/uploads\/2021\/02\/enzime-500x500.jpg\"><div><em>Procedure<\/em><span>Injection Enzyme<\/span><\/div><\/a><a class=\"discovery-item poignet \" href=\"https:\/\/www.ddchirurgiedelamain.ca\/fr\/procedure\/chirurgie-pour-un-kyste-ganglionnaire\/\" data-name=\"chirurgie-pour-un-kyste-ganglionnaire\"><img src=\"https:\/\/www.ddchirurgiedelamain.ca\/wp-content\/uploads\/2021\/02\/ganglion-cyst-removal000-500x500.jpg\"><div><em>Procedure<\/em><span>Chirurgie pour un kyste ganglionnaire<\/span><\/div><\/a><a class=\"discovery-item des-doigts main poignet pouce \" href=\"https:\/\/www.ddchirurgiedelamain.ca\/fr\/procedure\/excision-pour-les-tumeurs-de-la-main-du-poignet-ou-des-doigts\/\" data-name=\"excision-pour-les-tumeurs-de-la-main-du-poignet-ou-des-doigts\"><img src=\"https:\/\/www.ddchirurgiedelamain.ca\/wp-content\/uploads\/2021\/03\/tumorex-500x500.jpg\"><div><em>Procedure<\/em><span>Excision chirurgicale des tumeurs<\/span><\/div><\/a><a class=\"discovery-item des-doigts main poignet pouce \" href=\"https:\/\/www.ddchirurgiedelamain.ca\/fr\/procedure\/reparation-des-fractures-de-la-main-et-du-poignet\/\" data-name=\"reparation-des-fractures-de-la-main-et-du-poignet\"><img src=\"https:\/\/www.ddchirurgiedelamain.ca\/wp-content\/uploads\/2021\/02\/repair-of-hand-wrist-and-fingers-bone-fractures-500x500.jpg\"><div><em>Procedure<\/em><span>R\u00e9paration des fractures de la main et du poignet<\/span><\/div><\/a><a class=\"discovery-item des-doigts main poignet pouce \" href=\"https:\/\/www.ddchirurgiedelamain.ca\/fr\/procedure\/reparation-des-ligaments-tendons-et-nerfs\/\" data-name=\"reparation-des-ligaments-tendons-et-nerfs\"><img src=\"https:\/\/www.ddchirurgiedelamain.ca\/wp-content\/uploads\/2021\/03\/tendon-repair-500x500.jpg\"><div><em>Procedure<\/em><span>R\u00e9paration des ligaments, tendons et nerfs<\/span><\/div><\/a><a class=\"discovery-item coude des-doigts main poignet pouce \" href=\"https:\/\/www.ddchirurgiedelamain.ca\/fr\/procedure\/therapie-dinjection-pour-la-douleur-a-la-main\/\" data-name=\"therapie-dinjection-pour-la-douleur-a-la-main\"><img src=\"https:\/\/www.ddchirurgiedelamain.ca\/wp-content\/uploads\/2021\/03\/PRP-injection-therapy-for-hand-pain-500x500.jpg\"><div><em>Procedure<\/em><span>Th\u00e9rapie d\u2019injection pour la douleur \u00e0 la main<\/span><\/div><\/a><a class=\"discovery-item coude \" href=\"https:\/\/www.ddchirurgiedelamain.ca\/fr\/procedure\/traitement-chirurgical-du-tennis-elbow\/\" data-name=\"traitement-chirurgical-du-tennis-elbow\"><img src=\"https:\/\/www.ddchirurgiedelamain.ca\/wp-content\/uploads\/2021\/02\/tennis-elbow-surgical-treatment-500x500.jpg\"><div><em>Procedure<\/em><span>Traitement chirurgical du coude de tennis<\/span><\/div><\/a><a class=\"discovery-item pouce \" href=\"https:\/\/www.ddchirurgiedelamain.ca\/fr\/procedure\/decompression-de-la-tenosynovite-de-quervain\/\" data-name=\"decompression-de-la-tenosynovite-de-quervain\"><img src=\"https:\/\/www.ddchirurgiedelamain.ca\/wp-content\/uploads\/2021\/02\/decompression-de-la-tenosynovite-de-quervain-500x500.jpg\"><div><em>Procedure<\/em><span>D\u00e9compression de la t\u00e9nosynovite de Quervain<\/span><\/div><\/a><a class=\"discovery-item pouce \" href=\"https:\/\/www.ddchirurgiedelamain.ca\/fr\/procedure\/arthroplastie-articulaire-du-trapeze-carpien-du-pouce\/\" data-name=\"arthroplastie-articulaire-du-trapeze-carpien-du-pouce\"><img src=\"https:\/\/www.ddchirurgiedelamain.ca\/wp-content\/uploads\/2021\/02\/thumbart-500x500.jpg\"><div><em>Procedure<\/em><span>Arthroplastie articulaire du trap\u00e8ze carpien du pouce<\/span><\/div><\/a><a class=\"discovery-item poignet \" href=\"https:\/\/www.ddchirurgiedelamain.ca\/fr\/procedure\/decompression-du-kyste-ganglionnaire-par-aspiration\/\" data-name=\"decompression-du-kyste-ganglionnaire-par-aspiration\"><img src=\"https:\/\/www.ddchirurgiedelamain.ca\/wp-content\/uploads\/2021\/02\/decompression-by-aspiration-of-ganglion-cyst-500x500.jpg\"><div><em>Procedure<\/em><span>D\u00e9compression du kyste ganglionnaire par aspiration<\/span><\/div><\/a><\/div>[\/vc_column_text][\/vc_column][\/vc_row][vc_row css_animation=\u00a0\u00bb\u00a0\u00bb row_type=\u00a0\u00bbrow\u00a0\u00bb use_row_as_full_screen_section=\u00a0\u00bbno\u00a0\u00bb type=\u00a0\u00bbgrid\u00a0\u00bb angled_section=\u00a0\u00bbno\u00a0\u00bb text_align=\u00a0\u00bbleft\u00a0\u00bb background_image_as_pattern=\u00a0\u00bbwithout_pattern\u00a0\u00bb el_class=\u00a0\u00bbminicall pad80&Prime; z_index=\u00a0\u00bb\u00a0\u00bb][vc_column][vc_column_text]<\/p>\n<h3 style=\"text-align: center;\">CONTACTEZ-NOUS AUJOURD&rsquo;HUI POUR EN SAVOIR PLUS SUR VOS OPTIONS DE TRAITEMENT DE VOTRE MAIN OU DE VOTRE POIGNET. DR. DANIEL DURAND, CHIRURGIEN AGR\u00c9\u00c9 DE LA COMMISSION, AIDE LES HOMMES ET LES FEMMES DE MONTR\u00c9AL, LAVAL ET CH\u00c2TEAUGUAY.<br \/>\nPROFITEZ D&rsquo;UNE VIE SANS DOULEUR \u00c0 NOUVEAU \u00c0 TRAVERS LA CHIRURGIE DE LA MAIN OU DU POIGNET ET LA R\u00c9PARATION DU LIGAMENT.<\/h3>\n<p style=\"text-align: center;\"><a  itemprop=\"url\" href=\"\/fr\/consultation\/\" target=\"_self\"  class=\"qbutton  default\" style=\"\">PLANIFIER UNE CONSULTATION<\/a><\/p>\n<p>[\/vc_column_text][\/vc_column][\/vc_row][vc_row css_animation=\u00a0\u00bb\u00a0\u00bb row_type=\u00a0\u00bbrow\u00a0\u00bb use_row_as_full_screen_section=\u00a0\u00bbno\u00a0\u00bb type=\u00a0\u00bbfull_width\u00a0\u00bb angled_section=\u00a0\u00bbno\u00a0\u00bb text_align=\u00a0\u00bbleft\u00a0\u00bb background_image_as_pattern=\u00a0\u00bbwithout_pattern\u00a0\u00bb z_index=\u00a0\u00bb\u00a0\u00bb el_class=\u00a0\u00bbnopaddings\u00a0\u00bb el_id=\u00a0\u00bbbeforecall\u00a0\u00bb][vc_column width=\u00a0\u00bb1\/3&Prime;][vc_column_text]<a href=\"\/fr\/consultation-virtuelle\/\" class=\"tilter tilter--1\"  id=\"img-786\" >\n    <figure class=\"tilter__figure\">\n        <img class=\"tilter__image\" src=\"https:\/\/www.ddchirurgiedelamain.ca\/wp-content\/uploads\/2021\/03\/ramka01.jpg\" \/>\n        <div class=\"tilter__deco tilter__deco--shine\"><div><\/div><\/div>\n        <figcaption class=\"tilter__caption\">\n            <h3 class=\"tilter__title\">CONSULTATION VIRTUELLE<\/h3>\n            <p class=\"tilter__description\">Consultation en ligne du confort de votre maison<\/p>\n        <\/figcaption>\n        <svg class=\"tilter__deco tilter__deco--lines\" viewBox=\"0 0 600 400\">\n            <path d=\"m20.5, 20.5h560v360h-560v-360z\" \/>\n        <\/svg>\n    <\/figure>\n<\/a>[\/vc_column_text][\/vc_column][vc_column width=\u00a0\u00bb1\/3&Prime;][vc_column_text]<a href=\"https:\/\/ddchirurgiedelamain.ca\/fr\/consultation\/\" class=\"tilter tilter--1\"  id=\"img-785\" >\n    <figure class=\"tilter__figure\">\n        <img class=\"tilter__image\" src=\"https:\/\/www.ddchirurgiedelamain.ca\/wp-content\/uploads\/2021\/03\/ramka02.jpg\" \/>\n        <div class=\"tilter__deco tilter__deco--shine\"><div><\/div><\/div>\n        <figcaption class=\"tilter__caption\">\n            <h3 class=\"tilter__title\">PLANIFIER UNE CONSULTATION<\/h3>\n            <p class=\"tilter__description\">R\u00e9servez une consultation pour discuter de vos probl\u00e8mes de la main<\/p>\n        <\/figcaption>\n        <svg class=\"tilter__deco tilter__deco--lines\" viewBox=\"0 0 600 400\">\n            <path d=\"m20.5, 20.5h560v360h-560v-360z\" \/>\n        <\/svg>\n    <\/figure>\n<\/a>[\/vc_column_text][\/vc_column][vc_column width=\u00a0\u00bb1\/3&Prime;][vc_column_text]<a href=\"https:\/\/ddchirurgiedelamain.ca\/fr\/auto-diagnostic\/\" class=\"tilter tilter--1\"  id=\"img-787\" >\n    <figure class=\"tilter__figure\">\n        <img class=\"tilter__image\" src=\"https:\/\/www.ddchirurgiedelamain.ca\/wp-content\/uploads\/2021\/03\/ramka03.jpg\" \/>\n        <div class=\"tilter__deco tilter__deco--shine\"><div><\/div><\/div>\n        <figcaption class=\"tilter__caption\">\n            <h3 class=\"tilter__title\">AUTO-DIAGNOSTIC<\/h3>\n            <p class=\"tilter__description\">Utilisez notre outil en ligne pour \u00e9valuer votre douleur<\/p>\n        <\/figcaption>\n        <svg class=\"tilter__deco tilter__deco--lines\" viewBox=\"0 0 600 400\">\n            <path d=\"m20.5, 20.5h560v360h-560v-360z\" \/>\n        <\/svg>\n    <\/figure>\n<\/a>[\/vc_column_text][\/vc_column][\/vc_row]<\/p>\n","protected":false},"excerpt":{"rendered":"<p>[vc_row css_animation=\u00a0\u00bb\u00a0\u00bb row_type=\u00a0\u00bbrow\u00a0\u00bb use_row_as_full_screen_section=\u00a0\u00bbno\u00a0\u00bb type=\u00a0\u00bbfull_width\u00a0\u00bb angled_section=\u00a0\u00bbno\u00a0\u00bb text_align=\u00a0\u00bbleft\u00a0\u00bb background_image_as_pattern=\u00a0\u00bbwithout_pattern\u00a0\u00bb z_index=\u00a0\u00bb\u00a0\u00bb el_id=\u00a0\u00bbproc-hero\u00a0\u00bb el_class=\u00a0\u00bbfaq\u00a0\u00bb][vc_column width=\u00a0\u00bb1\/2&Prime;][vc_single_image image=\u00a0\u00bb1274&Prime; qode_css_animation=\u00a0\u00bb\u00a0\u00bb][\/vc_column][vc_column width=\u00a0\u00bb1\/2&Prime;][vc_column_text] Nos proc\u00e9dures Lorsqu&rsquo;on cherche un diagnostic ou un traitement, il vaut mieux voir un m\u00e9decin plus t\u00f4t que tard. Une fois qu&rsquo;une condition est grave, les maladies sont plus difficiles&#8230;<\/p>\n","protected":false},"author":1,"featured_media":0,"parent":0,"menu_order":0,"comment_status":"closed","ping_status":"closed","template":"full_width.php","meta":[],"yoast_head":"<!-- This site is optimized with the Yoast SEO plugin v16.2 - https:\/\/yoast.com\/wordpress\/plugins\/seo\/ -->\n<title>D\u00e9couvrir les proc\u00e9dures | Hand Surgeon Montreal<\/title>\n<meta name=\"description\" content=\"D\u00e9couvrir les proc\u00e9dures | Montreal Carpal Tunnel, Trigger Finger, Wrist &amp; Cysts, Thumb Arthritis, Nerve decompression, Injury, Repair of bone fractures, ligaments, tendons\" \/>\n<meta name=\"robots\" content=\"index, follow, max-snippet:-1, max-image-preview:large, max-video-preview:-1\" \/>\n<link rel=\"canonical\" href=\"https:\/\/www.ddchirurgiedelamain.ca\/fr\/decouvrir-les-procedures\/\" \/>\n<meta property=\"og:locale\" content=\"fr_FR\" \/>\n<meta property=\"og:type\" content=\"article\" \/>\n<meta property=\"og:title\" content=\"D\u00e9couvrir les proc\u00e9dures | Hand Surgeon Montreal\" \/>\n<meta property=\"og:description\" content=\"D\u00e9couvrir les proc\u00e9dures | Montreal Carpal Tunnel, Trigger Finger, Wrist &amp; Cysts, Thumb Arthritis, Nerve decompression, Injury, Repair of bone fractures, ligaments, tendons\" \/>\n<meta property=\"og:url\" content=\"https:\/\/www.ddchirurgiedelamain.ca\/fr\/decouvrir-les-procedures\/\" \/>\n<meta property=\"og:site_name\" content=\"Dr Daniel Durand\" \/>\n<meta property=\"article:publisher\" content=\"https:\/\/www.facebook.com\/montrealhandsurgery\" \/>\n<meta property=\"article:modified_time\" content=\"2021-05-21T14:27:50+00:00\" \/>\n<meta property=\"og:image\" content=\"https:\/\/www.ddchirurgiedelamain.ca\/wp-content\/uploads\/2021\/06\/facebook.jpg\" \/>\n\t<meta property=\"og:image:width\" content=\"1200\" \/>\n\t<meta property=\"og:image:height\" content=\"628\" \/>\n<meta name=\"twitter:card\" content=\"summary_large_image\" \/>\n<meta name=\"twitter:label1\" content=\"Dur\u00e9e de lecture est.\">\n\t<meta name=\"twitter:data1\" content=\"3 minutes\">\n<script type=\"application\/ld+json\" class=\"yoast-schema-graph\">{\"@context\":\"https:\/\/schema.org\",\"@graph\":[{\"@type\":\"Organization\",\"@id\":\"https:\/\/www.ddchirurgiedelamain.ca\/#organization\",\"name\":\"Dr Daniel Durand\",\"url\":\"https:\/\/www.ddchirurgiedelamain.ca\/\",\"sameAs\":[\"https:\/\/www.facebook.com\/montrealhandsurgery\",\"https:\/\/www.instagram.com\/montrealhandsurgery\/\",\"https:\/\/www.linkedin.com\/in\/daniel-durand-79a63b28\/?originalSubdomain=ca\",\"https:\/\/www.youtube.com\/channel\/UC372rc1IV633AUHj8cSx-7Q\"],\"logo\":{\"@type\":\"ImageObject\",\"@id\":\"https:\/\/www.ddchirurgiedelamain.ca\/#logo\",\"inLanguage\":\"fr-FR\",\"url\":\"https:\/\/www.ddchirurgiedelamain.ca\/wp-content\/uploads\/2020\/12\/durand@4x.png\",\"contentUrl\":\"https:\/\/www.ddchirurgiedelamain.ca\/wp-content\/uploads\/2020\/12\/durand@4x.png\",\"width\":655,\"height\":167,\"caption\":\"Dr Daniel Durand\"},\"image\":{\"@id\":\"https:\/\/www.ddchirurgiedelamain.ca\/#logo\"}},{\"@type\":\"WebSite\",\"@id\":\"https:\/\/www.ddchirurgiedelamain.ca\/#website\",\"url\":\"https:\/\/www.ddchirurgiedelamain.ca\/\",\"name\":\"Dr Daniel Durand\",\"description\":\"Just another WordPress site\",\"publisher\":{\"@id\":\"https:\/\/www.ddchirurgiedelamain.ca\/#organization\"},\"potentialAction\":[{\"@type\":\"SearchAction\",\"target\":\"https:\/\/www.ddchirurgiedelamain.ca\/?s={search_term_string}\",\"query-input\":\"required name=search_term_string\"}],\"inLanguage\":\"fr-FR\"},{\"@type\":\"WebPage\",\"@id\":\"https:\/\/www.ddchirurgiedelamain.ca\/fr\/decouvrir-les-procedures\/#webpage\",\"url\":\"https:\/\/www.ddchirurgiedelamain.ca\/fr\/decouvrir-les-procedures\/\",\"name\":\"D\\u00e9couvrir les proc\\u00e9dures | Hand Surgeon Montreal\",\"isPartOf\":{\"@id\":\"https:\/\/www.ddchirurgiedelamain.ca\/#website\"},\"datePublished\":\"2021-05-21T14:27:49+00:00\",\"dateModified\":\"2021-05-21T14:27:50+00:00\",\"description\":\"D\\u00e9couvrir les proc\\u00e9dures | Montreal Carpal Tunnel, Trigger Finger, Wrist & Cysts, Thumb Arthritis, Nerve decompression, Injury, Repair of bone fractures, ligaments, tendons\",\"breadcrumb\":{\"@id\":\"https:\/\/www.ddchirurgiedelamain.ca\/fr\/decouvrir-les-procedures\/#breadcrumb\"},\"inLanguage\":\"fr-FR\",\"potentialAction\":[{\"@type\":\"ReadAction\",\"target\":[\"https:\/\/www.ddchirurgiedelamain.ca\/fr\/decouvrir-les-procedures\/\"]}]},{\"@type\":\"BreadcrumbList\",\"@id\":\"https:\/\/www.ddchirurgiedelamain.ca\/fr\/decouvrir-les-procedures\/#breadcrumb\",\"itemListElement\":[{\"@type\":\"ListItem\",\"position\":1,\"item\":{\"@type\":\"WebPage\",\"@id\":\"https:\/\/www.ddchirurgiedelamain.ca\/fr\/\",\"url\":\"https:\/\/www.ddchirurgiedelamain.ca\/fr\/\",\"name\":\"Home\"}},{\"@type\":\"ListItem\",\"position\":2,\"item\":{\"@id\":\"https:\/\/www.ddchirurgiedelamain.ca\/fr\/decouvrir-les-procedures\/#webpage\"}}]}]}<\/script>\n<!-- \/ Yoast SEO plugin. -->","_links":{"self":[{"href":"https:\/\/www.ddchirurgiedelamain.ca\/fr\/wp-json\/wp\/v2\/pages\/1747"}],"collection":[{"href":"https:\/\/www.ddchirurgiedelamain.ca\/fr\/wp-json\/wp\/v2\/pages"}],"about":[{"href":"https:\/\/www.ddchirurgiedelamain.ca\/fr\/wp-json\/wp\/v2\/types\/page"}],"author":[{"embeddable":true,"href":"https:\/\/www.ddchirurgiedelamain.ca\/fr\/wp-json\/wp\/v2\/users\/1"}],"replies":[{"embeddable":true,"href":"https:\/\/www.ddchirurgiedelamain.ca\/fr\/wp-json\/wp\/v2\/comments?post=1747"}],"version-history":[{"count":2,"href":"https:\/\/www.ddchirurgiedelamain.ca\/fr\/wp-json\/wp\/v2\/pages\/1747\/revisions"}],"predecessor-version":[{"id":1749,"href":"https:\/\/www.ddchirurgiedelamain.ca\/fr\/wp-json\/wp\/v2\/pages\/1747\/revisions\/1749"}],"wp:attachment":[{"href":"https:\/\/www.ddchirurgiedelamain.ca\/fr\/wp-json\/wp\/v2\/media?parent=1747"}],"curies":[{"name":"wp","href":"https:\/\/api.w.org\/{rel}","templated":true}]}}