{"id":1761,"date":"2021-05-21T14:46:02","date_gmt":"2021-05-21T14:46:02","guid":{"rendered":"https:\/\/ddchirurgiedelamain.ca\/consultation-virtuelle\/"},"modified":"2021-06-11T20:00:31","modified_gmt":"2021-06-11T20:00:31","slug":"consultation-virtuelle","status":"publish","type":"page","link":"https:\/\/www.ddchirurgiedelamain.ca\/fr\/consultation-virtuelle\/","title":{"rendered":"Consultation virtuelle"},"content":{"rendered":"<p>[vc_row css_animation=\u00a0\u00bb\u00a0\u00bb row_type=\u00a0\u00bbrow\u00a0\u00bb use_row_as_full_screen_section=\u00a0\u00bbno\u00a0\u00bb type=\u00a0\u00bbfull_width\u00a0\u00bb angled_section=\u00a0\u00bbno\u00a0\u00bb text_align=\u00a0\u00bbleft\u00a0\u00bb background_image_as_pattern=\u00a0\u00bbwithout_pattern\u00a0\u00bb z_index=\u00a0\u00bb\u00a0\u00bb el_id=\u00a0\u00bbproc-hero\u00a0\u00bb el_class=\u00a0\u00bbfaq\u00a0\u00bb][vc_column width=\u00a0\u00bb1\/2&Prime;][vc_single_image image=\u00a0\u00bb1764&Prime; qode_css_animation=\u00a0\u00bb\u00a0\u00bb][\/vc_column][vc_column width=\u00a0\u00bb1\/2&Prime;][vc_column_text]<\/p>\n<h1>Consultation virtuelle<\/h1>\n<p>Rendez-vous m\u00e9dicaux par vid\u00e9o conf\u00e9rence utilisant la plateforme m\u00e9dicale de Zoom enti\u00e8rement crypt\u00e9e[\/vc_column_text][\/vc_column][\/vc_row][vc_row css_animation=\u00a0\u00bb\u00a0\u00bb row_type=\u00a0\u00bbrow\u00a0\u00bb use_row_as_full_screen_section=\u00a0\u00bbno\u00a0\u00bb type=\u00a0\u00bbgrid\u00a0\u00bb angled_section=\u00a0\u00bbno\u00a0\u00bb text_align=\u00a0\u00bbleft\u00a0\u00bb background_image_as_pattern=\u00a0\u00bbwithout_pattern\u00a0\u00bb z_index=\u00a0\u00bb\u00a0\u00bb el_class=\u00a0\u00bbpad80 flex-center\u00a0\u00bb][vc_column width=\u00a0\u00bb1\/2&Prime;][vc_column_text]<\/p>\n<h2>AVANTAGES D&rsquo;UNE CONSULTATION EN LIGNE \/ VIRTUELLE:<\/h2>\n<ol class=\"numbers\">\n<li>Acc\u00e8s individualis\u00e9 \u00e0 un sp\u00e9cialiste du confort de votre maison.<\/li>\n<li>R\u00e9ponses \u00e0 vos questions concernant votre \u00e9tat sp\u00e9cifique.<\/li>\n<li>\u00c9tablir un diagnostic probable et un plan de traitement pour vous sans attente.<\/li>\n<li>Soyez en t\u00eate de file pour les proc\u00e9dures de traitement ou la chirurgie une fois que les activit\u00e9s cliniques reprennent.<\/li>\n<\/ol>\n<p>[\/vc_column_text][\/vc_column][vc_column width=\u00a0\u00bb1\/2&Prime;][vc_empty_space height=\u00a0\u00bb40px\u00a0\u00bb el_class=\u00a0\u00bbshow-sm\u00a0\u00bb][vc_single_image image=\u00a0\u00bb786&Prime; qode_css_animation=\u00a0\u00bb\u00a0\u00bb][\/vc_column][\/vc_row][vc_row css_animation=\u00a0\u00bb\u00a0\u00bb row_type=\u00a0\u00bbrow\u00a0\u00bb use_row_as_full_screen_section=\u00a0\u00bbno\u00a0\u00bb type=\u00a0\u00bbgrid\u00a0\u00bb angled_section=\u00a0\u00bbno\u00a0\u00bb text_align=\u00a0\u00bbleft\u00a0\u00bb background_image_as_pattern=\u00a0\u00bbwithout_pattern\u00a0\u00bb z_index=\u00a0\u00bb\u00a0\u00bb el_class=\u00a0\u00bbminicall\u00a0\u00bb][vc_column][vc_column_text]<\/p>\n<h2>FAITE LE PREMIER GESTE POUR UNE MEILLEURE MOBILIT\u00c9 DE LA MAIN AUJOURD&rsquo;HUI!<\/h2>\n<h3 class=\"thin\">R\u00c9SERVEZ VOS CONSULTATIONS EN LIGNE DU CONFORT DE VOTRE MAISON<\/h3>\n<p>Si vous souffrez d&rsquo;une condition de la main ou du poignet, nous pouvons vous offrir une consultation compl\u00e8te avec le Dr Durand du confort et de la s\u00e9curit\u00e9 de votre maison. Visiter le Dr Durand, le seul chirurgien priv\u00e9 de la main, certifi\u00e9 et accr\u00e9dit\u00e9 \u00e0 l\u2019international de Montr\u00e9al, pouvant revoir votre condition et vous conseiller sur un plan de traitement. Prenez la premi\u00e8re \u00e9tape aujourd&rsquo;hui.<\/p>\n<p><a href=\"https:\/\/ddchirurgiedelamain.ca\/fr\/consultation\/\">R\u00e9servez en ligne <\/a> ou appelez pour une consultation personnelle<br \/>\n<div class='q_icon_with_title medium normal_icon call-phone'><div class=\"icon_holder \" style=\" \"><span data-icon-type=\"normal\"  data-icon-hover-color=\"#000000\" style=\"font-size: 26px;\" class=\"qode_iwt_icon_holder q_font_awsome_icon fa-3x  \"><i class=\"qode_icon_font_awesome fa fa-phone qode_iwt_icon_element\" style=\"color: #000000;\" ><\/i><\/span><\/div><div class=\"icon_text_holder\" style=\"\"><div class=\"icon_text_inner\" style=\"\"><h4 class=\"icon_title\" style=\"\"><\/h4><p style=''><\/p><a itemprop='url' class='icon_with_title_link' href='tel:5149415562' target='_self' style=''>(514) 941-5562<\/a><\/div><\/div><\/div>\n<p>Nous serions heureux de discuter de vos options plus de d\u00e9tails.<\/p>\n<p><a class=\"qbutton default\" href=\"https:\/\/ddchirurgiedelamain.ca\/fr\/consultation\/\">R\u00c9SERVEZ LA CONSULTATION VIRTUELLE<\/a>[\/vc_column_text][\/vc_column][\/vc_row]<\/p>\n","protected":false},"excerpt":{"rendered":"<p>[vc_row css_animation=\u00a0\u00bb\u00a0\u00bb row_type=\u00a0\u00bbrow\u00a0\u00bb use_row_as_full_screen_section=\u00a0\u00bbno\u00a0\u00bb type=\u00a0\u00bbfull_width\u00a0\u00bb angled_section=\u00a0\u00bbno\u00a0\u00bb text_align=\u00a0\u00bbleft\u00a0\u00bb background_image_as_pattern=\u00a0\u00bbwithout_pattern\u00a0\u00bb z_index=\u00a0\u00bb\u00a0\u00bb el_id=\u00a0\u00bbproc-hero\u00a0\u00bb el_class=\u00a0\u00bbfaq\u00a0\u00bb][vc_column width=\u00a0\u00bb1\/2&Prime;][vc_single_image image=\u00a0\u00bb1764&Prime; qode_css_animation=\u00a0\u00bb\u00a0\u00bb][\/vc_column][vc_column width=\u00a0\u00bb1\/2&Prime;][vc_column_text] Consultation virtuelle Rendez-vous m\u00e9dicaux par vid\u00e9o conf\u00e9rence utilisant la plateforme m\u00e9dicale de Zoom enti\u00e8rement crypt\u00e9e[\/vc_column_text][\/vc_column][\/vc_row][vc_row css_animation=\u00a0\u00bb\u00a0\u00bb row_type=\u00a0\u00bbrow\u00a0\u00bb use_row_as_full_screen_section=\u00a0\u00bbno\u00a0\u00bb type=\u00a0\u00bbgrid\u00a0\u00bb angled_section=\u00a0\u00bbno\u00a0\u00bb text_align=\u00a0\u00bbleft\u00a0\u00bb background_image_as_pattern=\u00a0\u00bbwithout_pattern\u00a0\u00bb z_index=\u00a0\u00bb\u00a0\u00bb el_class=\u00a0\u00bbpad80 flex-center\u00a0\u00bb][vc_column width=\u00a0\u00bb1\/2&Prime;][vc_column_text] AVANTAGES D&rsquo;UNE CONSULTATION EN&#8230;<\/p>\n","protected":false},"author":1,"featured_media":0,"parent":0,"menu_order":0,"comment_status":"closed","ping_status":"closed","template":"full_width.php","meta":[],"yoast_head":"<!-- This site is optimized with the Yoast SEO plugin v16.2 - https:\/\/yoast.com\/wordpress\/plugins\/seo\/ -->\n<title>Consultation virtuelle | Hand Surgeon Montreal<\/title>\n<meta name=\"description\" content=\"Consultation virtuelle | Montreal Carpal Tunnel, Trigger Finger, Wrist &amp; Cysts, Thumb Arthritis, Nerve decompression, Injury, Repair of bone fractures, ligaments, tendons\" \/>\n<meta name=\"robots\" content=\"index, follow, max-snippet:-1, max-image-preview:large, max-video-preview:-1\" \/>\n<link rel=\"canonical\" href=\"https:\/\/www.ddchirurgiedelamain.ca\/fr\/consultation-virtuelle\/\" \/>\n<meta property=\"og:locale\" content=\"fr_FR\" \/>\n<meta property=\"og:type\" content=\"article\" \/>\n<meta property=\"og:title\" content=\"Consultation virtuelle | Hand Surgeon Montreal\" \/>\n<meta property=\"og:description\" content=\"Consultation virtuelle | Montreal Carpal Tunnel, Trigger Finger, Wrist &amp; Cysts, Thumb Arthritis, Nerve decompression, Injury, Repair of bone fractures, ligaments, tendons\" \/>\n<meta property=\"og:url\" content=\"https:\/\/www.ddchirurgiedelamain.ca\/fr\/consultation-virtuelle\/\" \/>\n<meta property=\"og:site_name\" content=\"Dr Daniel Durand\" \/>\n<meta property=\"article:publisher\" content=\"https:\/\/www.facebook.com\/montrealhandsurgery\" \/>\n<meta property=\"article:modified_time\" content=\"2021-06-11T20:00:31+00:00\" \/>\n<meta property=\"og:image\" content=\"https:\/\/www.ddchirurgiedelamain.ca\/wp-content\/uploads\/2021\/06\/facebook.jpg\" \/>\n\t<meta property=\"og:image:width\" content=\"1200\" \/>\n\t<meta property=\"og:image:height\" content=\"628\" \/>\n<meta name=\"twitter:card\" content=\"summary_large_image\" \/>\n<meta name=\"twitter:label1\" content=\"Dur\u00e9e de lecture est.\">\n\t<meta name=\"twitter:data1\" content=\"2 minutes\">\n<script type=\"application\/ld+json\" class=\"yoast-schema-graph\">{\"@context\":\"https:\/\/schema.org\",\"@graph\":[{\"@type\":\"Organization\",\"@id\":\"https:\/\/www.ddchirurgiedelamain.ca\/#organization\",\"name\":\"Dr Daniel Durand\",\"url\":\"https:\/\/www.ddchirurgiedelamain.ca\/\",\"sameAs\":[\"https:\/\/www.facebook.com\/montrealhandsurgery\",\"https:\/\/www.instagram.com\/montrealhandsurgery\/\",\"https:\/\/www.linkedin.com\/in\/daniel-durand-79a63b28\/?originalSubdomain=ca\",\"https:\/\/www.youtube.com\/channel\/UC372rc1IV633AUHj8cSx-7Q\"],\"logo\":{\"@type\":\"ImageObject\",\"@id\":\"https:\/\/www.ddchirurgiedelamain.ca\/#logo\",\"inLanguage\":\"fr-FR\",\"url\":\"https:\/\/www.ddchirurgiedelamain.ca\/wp-content\/uploads\/2020\/12\/durand@4x.png\",\"contentUrl\":\"https:\/\/www.ddchirurgiedelamain.ca\/wp-content\/uploads\/2020\/12\/durand@4x.png\",\"width\":655,\"height\":167,\"caption\":\"Dr Daniel Durand\"},\"image\":{\"@id\":\"https:\/\/www.ddchirurgiedelamain.ca\/#logo\"}},{\"@type\":\"WebSite\",\"@id\":\"https:\/\/www.ddchirurgiedelamain.ca\/#website\",\"url\":\"https:\/\/www.ddchirurgiedelamain.ca\/\",\"name\":\"Dr Daniel Durand\",\"description\":\"Just another WordPress site\",\"publisher\":{\"@id\":\"https:\/\/www.ddchirurgiedelamain.ca\/#organization\"},\"potentialAction\":[{\"@type\":\"SearchAction\",\"target\":\"https:\/\/www.ddchirurgiedelamain.ca\/?s={search_term_string}\",\"query-input\":\"required name=search_term_string\"}],\"inLanguage\":\"fr-FR\"},{\"@type\":\"WebPage\",\"@id\":\"https:\/\/www.ddchirurgiedelamain.ca\/fr\/consultation-virtuelle\/#webpage\",\"url\":\"https:\/\/www.ddchirurgiedelamain.ca\/fr\/consultation-virtuelle\/\",\"name\":\"Consultation virtuelle | Hand Surgeon Montreal\",\"isPartOf\":{\"@id\":\"https:\/\/www.ddchirurgiedelamain.ca\/#website\"},\"datePublished\":\"2021-05-21T14:46:02+00:00\",\"dateModified\":\"2021-06-11T20:00:31+00:00\",\"description\":\"Consultation virtuelle | Montreal Carpal Tunnel, Trigger Finger, Wrist & Cysts, Thumb Arthritis, Nerve decompression, Injury, Repair of bone fractures, ligaments, tendons\",\"breadcrumb\":{\"@id\":\"https:\/\/www.ddchirurgiedelamain.ca\/fr\/consultation-virtuelle\/#breadcrumb\"},\"inLanguage\":\"fr-FR\",\"potentialAction\":[{\"@type\":\"ReadAction\",\"target\":[\"https:\/\/www.ddchirurgiedelamain.ca\/fr\/consultation-virtuelle\/\"]}]},{\"@type\":\"BreadcrumbList\",\"@id\":\"https:\/\/www.ddchirurgiedelamain.ca\/fr\/consultation-virtuelle\/#breadcrumb\",\"itemListElement\":[{\"@type\":\"ListItem\",\"position\":1,\"item\":{\"@type\":\"WebPage\",\"@id\":\"https:\/\/www.ddchirurgiedelamain.ca\/fr\/\",\"url\":\"https:\/\/www.ddchirurgiedelamain.ca\/fr\/\",\"name\":\"Home\"}},{\"@type\":\"ListItem\",\"position\":2,\"item\":{\"@id\":\"https:\/\/www.ddchirurgiedelamain.ca\/fr\/consultation-virtuelle\/#webpage\"}}]}]}<\/script>\n<!-- \/ Yoast SEO plugin. -->","_links":{"self":[{"href":"https:\/\/www.ddchirurgiedelamain.ca\/fr\/wp-json\/wp\/v2\/pages\/1761"}],"collection":[{"href":"https:\/\/www.ddchirurgiedelamain.ca\/fr\/wp-json\/wp\/v2\/pages"}],"about":[{"href":"https:\/\/www.ddchirurgiedelamain.ca\/fr\/wp-json\/wp\/v2\/types\/page"}],"author":[{"embeddable":true,"href":"https:\/\/www.ddchirurgiedelamain.ca\/fr\/wp-json\/wp\/v2\/users\/1"}],"replies":[{"embeddable":true,"href":"https:\/\/www.ddchirurgiedelamain.ca\/fr\/wp-json\/wp\/v2\/comments?post=1761"}],"version-history":[{"count":6,"href":"https:\/\/www.ddchirurgiedelamain.ca\/fr\/wp-json\/wp\/v2\/pages\/1761\/revisions"}],"predecessor-version":[{"id":2010,"href":"https:\/\/www.ddchirurgiedelamain.ca\/fr\/wp-json\/wp\/v2\/pages\/1761\/revisions\/2010"}],"wp:attachment":[{"href":"https:\/\/www.ddchirurgiedelamain.ca\/fr\/wp-json\/wp\/v2\/media?parent=1761"}],"curies":[{"name":"wp","href":"https:\/\/api.w.org\/{rel}","templated":true}]}}